{"id":3403,"date":"2021-11-24T11:00:41","date_gmt":"2021-11-24T11:00:41","guid":{"rendered":"http:\/\/wimex.info\/mondraghi-produktion\/"},"modified":"2023-07-14T12:50:07","modified_gmt":"2023-07-14T12:50:07","slug":"mondraghi-produktion","status":"publish","type":"page","link":"https:\/\/wimex.info\/de\/mondraghi-produktion\/","title":{"rendered":"Mondraghi Produktion"},"content":{"rendered":"\t\t<div data-elementor-type=\"wp-page\" data-elementor-id=\"3403\" class=\"elementor elementor-3403 elementor-2085\" data-elementor-post-type=\"page\">\n\t\t\t\t\t\t<section class=\"elementor-section elementor-top-section elementor-element elementor-element-1514966 elementor-section-boxed elementor-section-height-default elementor-section-height-default\" data-id=\"1514966\" data-element_type=\"section\" data-e-type=\"section\">\n\t\t\t\t\t\t<div class=\"elementor-container elementor-column-gap-default\">\n\t\t\t\t\t<div class=\"elementor-column elementor-col-50 elementor-top-column elementor-element elementor-element-04e8f9f\" data-id=\"04e8f9f\" data-element_type=\"column\" data-e-type=\"column\">\n\t\t\t<div class=\"elementor-widget-wrap elementor-element-populated\">\n\t\t\t\t\t\t<div class=\"elementor-element elementor-element-70bf033 elementor-widget elementor-widget-heading\" data-id=\"70bf033\" data-element_type=\"widget\" data-e-type=\"widget\" data-widget_type=\"heading.default\">\n\t\t\t\t<div class=\"elementor-widget-container\">\n\t\t\t\t\t<h2 class=\"elementor-heading-title elementor-size-default\">Mondraghi\u00ae Produktion in Bozen<\/h2>\t\t\t\t<\/div>\n\t\t\t\t<\/div>\n\t\t\t\t\t<\/div>\n\t\t<\/div>\n\t\t\t\t<div class=\"elementor-column elementor-col-50 elementor-top-column elementor-element elementor-element-ef5ed3f\" data-id=\"ef5ed3f\" data-element_type=\"column\" data-e-type=\"column\">\n\t\t\t<div class=\"elementor-widget-wrap elementor-element-populated\">\n\t\t\t\t\t\t<div class=\"elementor-element elementor-element-e8b19ee elementor-widget elementor-widget-image\" data-id=\"e8b19ee\" data-element_type=\"widget\" data-e-type=\"widget\" data-widget_type=\"image.default\">\n\t\t\t\t<div class=\"elementor-widget-container\">\n\t\t\t\t\t\t\t\t\t\t\t\t\t\t\t<img decoding=\"async\" width=\"300\" height=\"62\" src=\"https:\/\/wimex.info\/wp-content\/uploads\/2021\/06\/mondraghi-300x62.jpg\" class=\"attachment-medium size-medium wp-image-26\" alt=\"\" srcset=\"https:\/\/wimex.info\/wp-content\/uploads\/2021\/06\/mondraghi-300x62.jpg 300w, https:\/\/wimex.info\/wp-content\/uploads\/2021\/06\/mondraghi-16x3.jpg 16w, https:\/\/wimex.info\/wp-content\/uploads\/2021\/06\/mondraghi.jpg 419w\" sizes=\"(max-width: 300px) 100vw, 300px\" \/>\t\t\t\t\t\t\t\t\t\t\t\t\t\t\t<\/div>\n\t\t\t\t<\/div>\n\t\t\t\t\t<\/div>\n\t\t<\/div>\n\t\t\t\t\t<\/div>\n\t\t<\/section>\n\t\t\t\t<section class=\"elementor-section elementor-top-section elementor-element elementor-element-ca58a6c elementor-section-boxed elementor-section-height-default elementor-section-height-default\" data-id=\"ca58a6c\" data-element_type=\"section\" data-e-type=\"section\">\n\t\t\t\t\t\t<div class=\"elementor-container elementor-column-gap-default\">\n\t\t\t\t\t<div class=\"elementor-column elementor-col-50 elementor-top-column elementor-element elementor-element-37a91da\" data-id=\"37a91da\" data-element_type=\"column\" data-e-type=\"column\">\n\t\t\t<div class=\"elementor-widget-wrap elementor-element-populated\">\n\t\t\t\t\t\t<div class=\"elementor-element elementor-element-e2c98e9 elementor-widget elementor-widget-image\" data-id=\"e2c98e9\" data-element_type=\"widget\" data-e-type=\"widget\" data-widget_type=\"image.default\">\n\t\t\t\t<div class=\"elementor-widget-container\">\n\t\t\t\t\t\t\t\t\t\t\t\t\t\t\t<img fetchpriority=\"high\" decoding=\"async\" width=\"300\" height=\"300\" src=\"https:\/\/wimex.info\/wp-content\/uploads\/2021\/11\/3saffiano-300x300.png\" class=\"attachment-medium size-medium wp-image-2239\" alt=\"3 modelli Mondraghi Saffiano\" srcset=\"https:\/\/wimex.info\/wp-content\/uploads\/2021\/11\/3saffiano-300x300.png 300w, https:\/\/wimex.info\/wp-content\/uploads\/2021\/11\/3saffiano-1024x1024.png 1024w, https:\/\/wimex.info\/wp-content\/uploads\/2021\/11\/3saffiano-150x150.png 150w, https:\/\/wimex.info\/wp-content\/uploads\/2021\/11\/3saffiano-768x768.png 768w, https:\/\/wimex.info\/wp-content\/uploads\/2021\/11\/3saffiano-e1637751649117.png 500w\" sizes=\"(max-width: 300px) 100vw, 300px\" \/>\t\t\t\t\t\t\t\t\t\t\t\t\t\t\t<\/div>\n\t\t\t\t<\/div>\n\t\t\t\t\t<\/div>\n\t\t<\/div>\n\t\t\t\t<div class=\"elementor-column elementor-col-50 elementor-top-column elementor-element elementor-element-99209cc\" data-id=\"99209cc\" data-element_type=\"column\" data-e-type=\"column\">\n\t\t\t<div class=\"elementor-widget-wrap elementor-element-populated\">\n\t\t\t\t\t\t<div class=\"elementor-element elementor-element-26d40ea elementor-widget elementor-widget-text-editor\" data-id=\"26d40ea\" data-element_type=\"widget\" data-e-type=\"widget\" data-widget_type=\"text-editor.default\">\n\t\t\t\t<div class=\"elementor-widget-container\">\n\t\t\t\t\t\t\t\t\t<p>Mondraghi\u00ae, ein Accessoire mit Stil, das gleichzeitig sehr n\u00fctzlich und zweckm\u00e4\u00dfig ist: Identit\u00e4tskarten, Kreditkarten und Geldscheine in einem einzigen, kleinen Gegenstand.<\/p>\n<p>Mondraghi\u00ae ist ein modernes <strong>Mini-Portemonnaie, Kartenetui, Kreditkarten- und Geldscheinhalter <\/strong>mit einem innovativen Gesamtkonzept. Es kann bis zu 9 Karten aufnehmen, die einfach und intuitiv eingelegt werden k\u00f6nnen und zudem sicher verstaut sind: Dank der besonderen Form des robusten Geh\u00e4uses aus eloxiertem Flugzeugaluminium sind die Karten gegen versehentliches Herausrutschen gesichert. Das Anti-Rutsch-System garantiert einen perfekten Halt: Mit einem erkennbaren &#8220; Klick &#8220; nimmt der Rahmen die Karten auf und fixiert sie sicher an ihrem Platz. Das aus einem massiven Aluminiumblock gefertigte Geh\u00e4use ist je nach Modell in drei Ausf\u00fchrungen erh\u00e4ltlich.<\/p>\n\t\t\t\t\t\t\t\t<\/div>\n\t\t\t\t<\/div>\n\t\t\t\t\t<\/div>\n\t\t<\/div>\n\t\t\t\t\t<\/div>\n\t\t<\/section>\n\t\t\t\t<section class=\"elementor-section elementor-top-section elementor-element elementor-element-6249cd1 elementor-section-boxed elementor-section-height-default elementor-section-height-default\" data-id=\"6249cd1\" data-element_type=\"section\" data-e-type=\"section\">\n\t\t\t\t\t\t<div class=\"elementor-container elementor-column-gap-default\">\n\t\t\t\t\t<div class=\"elementor-column elementor-col-33 elementor-top-column elementor-element elementor-element-76d48f2\" data-id=\"76d48f2\" data-element_type=\"column\" data-e-type=\"column\">\n\t\t\t<div class=\"elementor-widget-wrap elementor-element-populated\">\n\t\t\t\t\t\t<div class=\"elementor-element elementor-element-d6a047d elementor-widget elementor-widget-text-editor\" data-id=\"d6a047d\" data-element_type=\"widget\" data-e-type=\"widget\" data-widget_type=\"text-editor.default\">\n\t\t\t\t<div class=\"elementor-widget-container\">\n\t\t\t\t\t\t\t\t\t<p>Dar\u00fcber hinaus verf\u00fcgt <strong>Mondraghi<\/strong>\u00ae \u00fcber eine besondere technologische Eigenschaft: Ein integrierter Antennenchip sch\u00fctzt die Karten in einem Radius von 2,5 cm in einem Winkel von 360\u00b0, ohne den Platz oder die Sichtbarkeit der Karten zu beeintr\u00e4chtigen, wie dies bei normalen RFID-Blocking-Karten der Fall ist.<\/p>\n\t\t\t\t\t\t\t\t<\/div>\n\t\t\t\t<\/div>\n\t\t\t\t<div class=\"elementor-element elementor-element-967ffc6 elementor-widget elementor-widget-image\" data-id=\"967ffc6\" data-element_type=\"widget\" data-e-type=\"widget\" data-widget_type=\"image.default\">\n\t\t\t\t<div class=\"elementor-widget-container\">\n\t\t\t\t\t\t\t\t\t\t\t\t\t\t\t<img decoding=\"async\" width=\"800\" height=\"450\" src=\"https:\/\/wimex.info\/wp-content\/uploads\/2021\/11\/RFID-Mondraghi-1024x576.jpg\" class=\"attachment-large size-large wp-image-2277\" alt=\"RFID Mondraghi\" srcset=\"https:\/\/wimex.info\/wp-content\/uploads\/2021\/11\/RFID-Mondraghi-1024x576.jpg 1024w, https:\/\/wimex.info\/wp-content\/uploads\/2021\/11\/RFID-Mondraghi-300x169.jpg 300w, https:\/\/wimex.info\/wp-content\/uploads\/2021\/11\/RFID-Mondraghi-768x432.jpg 768w, https:\/\/wimex.info\/wp-content\/uploads\/2021\/11\/RFID-Mondraghi-1536x864.jpg 1536w, https:\/\/wimex.info\/wp-content\/uploads\/2021\/11\/RFID-Mondraghi-e1637757014950.jpg 500w\" sizes=\"(max-width: 800px) 100vw, 800px\" \/>\t\t\t\t\t\t\t\t\t\t\t\t\t\t\t<\/div>\n\t\t\t\t<\/div>\n\t\t\t\t\t<\/div>\n\t\t<\/div>\n\t\t\t\t<div class=\"elementor-column elementor-col-33 elementor-top-column elementor-element elementor-element-1ce9049\" data-id=\"1ce9049\" data-element_type=\"column\" data-e-type=\"column\">\n\t\t\t<div class=\"elementor-widget-wrap elementor-element-populated\">\n\t\t\t\t\t\t<div class=\"elementor-element elementor-element-2596446 elementor-widget elementor-widget-image\" data-id=\"2596446\" data-element_type=\"widget\" data-e-type=\"widget\" data-widget_type=\"image.default\">\n\t\t\t\t<div class=\"elementor-widget-container\">\n\t\t\t\t\t\t\t\t\t\t\t\t\t\t\t<img loading=\"lazy\" decoding=\"async\" width=\"300\" height=\"300\" src=\"https:\/\/wimex.info\/wp-content\/uploads\/2021\/11\/2black-st-the-original-300x300.jpg\" class=\"attachment-medium size-medium wp-image-2240\" alt=\"2 Mondraghi chiuso e aperto\" srcset=\"https:\/\/wimex.info\/wp-content\/uploads\/2021\/11\/2black-st-the-original-300x300.jpg 300w, https:\/\/wimex.info\/wp-content\/uploads\/2021\/11\/2black-st-the-original-1024x1024.jpg 1024w, https:\/\/wimex.info\/wp-content\/uploads\/2021\/11\/2black-st-the-original-150x150.jpg 150w, https:\/\/wimex.info\/wp-content\/uploads\/2021\/11\/2black-st-the-original-768x768.jpg 768w, https:\/\/wimex.info\/wp-content\/uploads\/2021\/11\/2black-st-the-original-1536x1536.jpg 1536w, https:\/\/wimex.info\/wp-content\/uploads\/2021\/11\/2black-st-the-original-e1637751717882.jpg 500w\" sizes=\"(max-width: 300px) 100vw, 300px\" \/>\t\t\t\t\t\t\t\t\t\t\t\t\t\t\t<\/div>\n\t\t\t\t<\/div>\n\t\t\t\t\t<\/div>\n\t\t<\/div>\n\t\t\t\t<div class=\"elementor-column elementor-col-33 elementor-top-column elementor-element elementor-element-e5241bb\" data-id=\"e5241bb\" data-element_type=\"column\" data-e-type=\"column\">\n\t\t\t<div class=\"elementor-widget-wrap elementor-element-populated\">\n\t\t\t\t\t\t<div class=\"elementor-element elementor-element-c010fb1 elementor-widget elementor-widget-text-editor\" data-id=\"c010fb1\" data-element_type=\"widget\" data-e-type=\"widget\" data-widget_type=\"text-editor.default\">\n\t\t\t\t<div class=\"elementor-widget-container\">\n\t\t\t\t\t\t\t\t\t<p>Leicht, aber robust. Sch\u00f6n und edel zugleich, dank der feinen italienischen Ledercover. Die Leder der verschiedenen Mondraghi\u00ae-Modelle werden mit Finishing-Techniken veredelt, die ihre Sch\u00f6nheit und Qualit\u00e4t noch unterstreichen: pflanzlich gegerbtes Vollnarbenleder, beschichtetes und pigmentiertes Rindsleder mit &#8222;diagonalem Scratch-Muster&#8220;, mit einer Textur von Carbonfasern oder mit dekorativen Gravurarbeiten verziert.  <\/p><\/p>\n\t\t\t\t\t\t\t\t<\/div>\n\t\t\t\t<\/div>\n\t\t\t\t\t<\/div>\n\t\t<\/div>\n\t\t\t\t\t<\/div>\n\t\t<\/section>\n\t\t\t\t<section class=\"elementor-section elementor-top-section elementor-element elementor-element-b69bd36 elementor-section-boxed elementor-section-height-default elementor-section-height-default\" data-id=\"b69bd36\" data-element_type=\"section\" data-e-type=\"section\">\n\t\t\t\t\t\t<div class=\"elementor-container elementor-column-gap-default\">\n\t\t\t\t\t<div class=\"elementor-column elementor-col-100 elementor-top-column elementor-element elementor-element-4604ea25\" data-id=\"4604ea25\" data-element_type=\"column\" data-e-type=\"column\">\n\t\t\t<div class=\"elementor-widget-wrap elementor-element-populated\">\n\t\t\t\t\t\t<div class=\"elementor-element elementor-element-1f361ae elementor-widget elementor-widget-text-editor\" data-id=\"1f361ae\" data-element_type=\"widget\" data-e-type=\"widget\" data-widget_type=\"text-editor.default\">\n\t\t\t\t<div class=\"elementor-widget-container\">\n\t\t\t\t\t\t\t\t\t<p>Mondraghi\u00ae ist au\u00dferdem die einzige Mini-Geldb\u00f6rse auf dem Markt, die vollst\u00e4ndig in <strong>Italien <\/strong>hergestellt wird: Die Ledercover und das Leichtmetallgeh\u00e4use werden von italienischen Handwerksmeistern hergestellt und weiterverarbeitet, und die gesamte Montage- und Endbearbeitungsphase findet in Italien statt. Dies garantiert eine Qualit\u00e4t, die nur durch die lange italienische Tradition in diesem Sektor erreicht werden kann. Aus diesem Grund ist Mondraghi\u00ae das Original und stolz auf seine italienische Herkunft.<\/p>\n\t\t\t\t\t\t\t\t<\/div>\n\t\t\t\t<\/div>\n\t\t\t\t\t<\/div>\n\t\t<\/div>\n\t\t\t\t\t<\/div>\n\t\t<\/section>\n\t\t\t\t<section class=\"elementor-section elementor-top-section elementor-element elementor-element-18eac9d elementor-section-boxed elementor-section-height-default elementor-section-height-default\" data-id=\"18eac9d\" data-element_type=\"section\" data-e-type=\"section\">\n\t\t\t\t\t\t<div class=\"elementor-container elementor-column-gap-default\">\n\t\t\t\t\t<div class=\"elementor-column elementor-col-33 elementor-top-column elementor-element elementor-element-37313ee\" data-id=\"37313ee\" data-element_type=\"column\" data-e-type=\"column\">\n\t\t\t<div class=\"elementor-widget-wrap elementor-element-populated\">\n\t\t\t\t\t\t<div class=\"elementor-element elementor-element-a7f6ee6 elementor-widget elementor-widget-image\" data-id=\"a7f6ee6\" data-element_type=\"widget\" data-e-type=\"widget\" data-widget_type=\"image.default\">\n\t\t\t\t<div class=\"elementor-widget-container\">\n\t\t\t\t\t\t\t\t\t\t\t\t\t\t\t<img loading=\"lazy\" decoding=\"async\" width=\"299\" height=\"283\" src=\"https:\/\/wimex.info\/wp-content\/uploads\/2021\/11\/mondraghi-produzione-macchina-cucito.jpg\" class=\"attachment-medium size-medium wp-image-2293\" alt=\"mondraghi produzione macchina cucito\" \/>\t\t\t\t\t\t\t\t\t\t\t\t\t\t\t<\/div>\n\t\t\t\t<\/div>\n\t\t\t\t\t<\/div>\n\t\t<\/div>\n\t\t\t\t<div class=\"elementor-column elementor-col-33 elementor-top-column elementor-element elementor-element-08e2984\" data-id=\"08e2984\" data-element_type=\"column\" data-e-type=\"column\">\n\t\t\t<div class=\"elementor-widget-wrap elementor-element-populated\">\n\t\t\t\t\t\t<div class=\"elementor-element elementor-element-b8f816f elementor-widget elementor-widget-image\" data-id=\"b8f816f\" data-element_type=\"widget\" data-e-type=\"widget\" data-widget_type=\"image.default\">\n\t\t\t\t<div class=\"elementor-widget-container\">\n\t\t\t\t\t\t\t\t\t\t\t\t\t\t\t<img loading=\"lazy\" decoding=\"async\" width=\"297\" height=\"284\" src=\"https:\/\/wimex.info\/wp-content\/uploads\/2021\/11\/mondraghi-scocca-chiara.jpg\" class=\"attachment-medium size-medium wp-image-2294\" alt=\"mondraghi scocca chiara\" \/>\t\t\t\t\t\t\t\t\t\t\t\t\t\t\t<\/div>\n\t\t\t\t<\/div>\n\t\t\t\t\t<\/div>\n\t\t<\/div>\n\t\t\t\t<div class=\"elementor-column elementor-col-33 elementor-top-column elementor-element elementor-element-55f184d\" data-id=\"55f184d\" data-element_type=\"column\" data-e-type=\"column\">\n\t\t\t<div class=\"elementor-widget-wrap elementor-element-populated\">\n\t\t\t\t\t\t<div class=\"elementor-element elementor-element-e6d92cd elementor-widget elementor-widget-image\" data-id=\"e6d92cd\" data-element_type=\"widget\" data-e-type=\"widget\" data-widget_type=\"image.default\">\n\t\t\t\t<div class=\"elementor-widget-container\">\n\t\t\t\t\t\t\t\t\t\t\t\t\t\t\t<img loading=\"lazy\" decoding=\"async\" width=\"300\" height=\"281\" src=\"https:\/\/wimex.info\/wp-content\/uploads\/2021\/11\/mondraghi-bottoncini-300x281.jpg\" class=\"attachment-medium size-medium wp-image-2292\" alt=\"mondraghi bottoncini\" srcset=\"https:\/\/wimex.info\/wp-content\/uploads\/2021\/11\/mondraghi-bottoncini-300x281.jpg 300w, https:\/\/wimex.info\/wp-content\/uploads\/2021\/11\/mondraghi-bottoncini.jpg 302w\" sizes=\"(max-width: 300px) 100vw, 300px\" \/>\t\t\t\t\t\t\t\t\t\t\t\t\t\t\t<\/div>\n\t\t\t\t<\/div>\n\t\t\t\t\t<\/div>\n\t\t<\/div>\n\t\t\t\t\t<\/div>\n\t\t<\/section>\n\t\t\t\t<section class=\"elementor-section elementor-top-section elementor-element elementor-element-4b29062 elementor-section-boxed elementor-section-height-default elementor-section-height-default\" data-id=\"4b29062\" data-element_type=\"section\" data-e-type=\"section\">\n\t\t\t\t\t\t<div class=\"elementor-container elementor-column-gap-default\">\n\t\t\t\t\t<div class=\"elementor-column elementor-col-100 elementor-top-column elementor-element elementor-element-b4f9455\" data-id=\"b4f9455\" data-element_type=\"column\" data-e-type=\"column\">\n\t\t\t<div class=\"elementor-widget-wrap elementor-element-populated\">\n\t\t\t\t\t\t<div class=\"elementor-element elementor-element-bf615ce elementor-align-center elementor-widget elementor-widget-button\" data-id=\"bf615ce\" data-element_type=\"widget\" data-e-type=\"widget\" data-widget_type=\"button.default\">\n\t\t\t\t<div class=\"elementor-widget-container\">\n\t\t\t\t\t\t\t\t\t<div class=\"elementor-button-wrapper\">\n\t\t\t\t\t<a class=\"elementor-button elementor-button-link elementor-size-lg\" href=\"https:\/\/mondraghi.com\/it\/\">\n\t\t\t\t\t\t<span class=\"elementor-button-content-wrapper\">\n\t\t\t\t\t\t\t\t\t<span class=\"elementor-button-text\">Mondraghi\u00ae Web-Seite<\/span>\n\t\t\t\t\t<\/span>\n\t\t\t\t\t<\/a>\n\t\t\t\t<\/div>\n\t\t\t\t\t\t\t\t<\/div>\n\t\t\t\t<\/div>\n\t\t\t\t\t<\/div>\n\t\t<\/div>\n\t\t\t\t\t<\/div>\n\t\t<\/section>\n\t\t\t\t<\/div>\n\t\t","protected":false},"excerpt":{"rendered":"<p>Mondraghi\u00ae Produktion in Bozen Mondraghi\u00ae, ein Accessoire mit Stil, das gleichzeitig sehr n\u00fctzlich und zweckm\u00e4\u00dfig ist: Identit\u00e4tskarten, Kreditkarten und Geldscheine in einem einzigen, kleinen Gegenstand. Mondraghi\u00ae ist ein modernes Mini-Portemonnaie, Kartenetui, Kreditkarten- und Geldscheinhalter mit einem innovativen Gesamtkonzept. Es kann bis zu 9 Karten aufnehmen, die einfach und intuitiv eingelegt werden k\u00f6nnen und zudem sicher [&hellip;]<\/p>\n","protected":false},"author":1,"featured_media":0,"parent":0,"menu_order":0,"comment_status":"closed","ping_status":"closed","template":"","meta":{"_monsterinsights_skip_tracking":false,"_monsterinsights_sitenote_active":false,"_monsterinsights_sitenote_note":"","_monsterinsights_sitenote_category":0,"footnotes":""},"class_list":["post-3403","page","type-page","status-publish","hentry"],"aioseo_notices":[],"_links":{"self":[{"href":"https:\/\/wimex.info\/de\/wp-json\/wp\/v2\/pages\/3403","targetHints":{"allow":["GET"]}}],"collection":[{"href":"https:\/\/wimex.info\/de\/wp-json\/wp\/v2\/pages"}],"about":[{"href":"https:\/\/wimex.info\/de\/wp-json\/wp\/v2\/types\/page"}],"author":[{"embeddable":true,"href":"https:\/\/wimex.info\/de\/wp-json\/wp\/v2\/users\/1"}],"replies":[{"embeddable":true,"href":"https:\/\/wimex.info\/de\/wp-json\/wp\/v2\/comments?post=3403"}],"version-history":[{"count":9,"href":"https:\/\/wimex.info\/de\/wp-json\/wp\/v2\/pages\/3403\/revisions"}],"predecessor-version":[{"id":3690,"href":"https:\/\/wimex.info\/de\/wp-json\/wp\/v2\/pages\/3403\/revisions\/3690"}],"wp:attachment":[{"href":"https:\/\/wimex.info\/de\/wp-json\/wp\/v2\/media?parent=3403"}],"curies":[{"name":"wp","href":"https:\/\/api.w.org\/{rel}","templated":true}]}}