{"id":3406,"date":"2021-11-24T12:12:05","date_gmt":"2021-11-24T12:12:05","guid":{"rendered":"http:\/\/wimex.info\/bio-mex-produktion\/"},"modified":"2023-07-14T13:21:28","modified_gmt":"2023-07-14T13:21:28","slug":"bio-mex-produktion","status":"publish","type":"page","link":"https:\/\/wimex.info\/de\/bio-mex-produktion\/","title":{"rendered":"Bio-mex Produktion"},"content":{"rendered":"\t\t<div data-elementor-type=\"wp-page\" data-elementor-id=\"3406\" class=\"elementor elementor-3406 elementor-2262\" data-elementor-post-type=\"page\">\n\t\t\t\t\t\t<section class=\"elementor-section elementor-top-section elementor-element elementor-element-117d403 elementor-section-boxed elementor-section-height-default elementor-section-height-default\" data-id=\"117d403\" data-element_type=\"section\" data-e-type=\"section\">\n\t\t\t\t\t\t<div class=\"elementor-container elementor-column-gap-default\">\n\t\t\t\t\t<div class=\"elementor-column elementor-col-50 elementor-top-column elementor-element elementor-element-9920b34\" data-id=\"9920b34\" data-element_type=\"column\" data-e-type=\"column\">\n\t\t\t<div class=\"elementor-widget-wrap elementor-element-populated\">\n\t\t\t\t\t\t<div class=\"elementor-element elementor-element-779c8013 elementor-widget elementor-widget-heading\" data-id=\"779c8013\" data-element_type=\"widget\" data-e-type=\"widget\" data-widget_type=\"heading.default\">\n\t\t\t\t<div class=\"elementor-widget-container\">\n\t\t\t\t\t<h2 class=\"elementor-heading-title elementor-size-default\">Bio-mex\u00ae Produktion in Bozen<\/h2>\t\t\t\t<\/div>\n\t\t\t\t<\/div>\n\t\t\t\t\t<\/div>\n\t\t<\/div>\n\t\t\t\t<div class=\"elementor-column elementor-col-50 elementor-top-column elementor-element elementor-element-51c039b6\" data-id=\"51c039b6\" data-element_type=\"column\" data-e-type=\"column\">\n\t\t\t<div class=\"elementor-widget-wrap elementor-element-populated\">\n\t\t\t\t\t\t<div class=\"elementor-element elementor-element-37506f37 elementor-widget elementor-widget-image\" data-id=\"37506f37\" data-element_type=\"widget\" data-e-type=\"widget\" data-widget_type=\"image.default\">\n\t\t\t\t<div class=\"elementor-widget-container\">\n\t\t\t\t\t\t\t\t\t\t\t\t\t\t\t<img decoding=\"async\" width=\"292\" height=\"105\" src=\"https:\/\/wimex.info\/wp-content\/uploads\/2021\/07\/biomex-logo.jpg\" class=\"attachment-medium size-medium wp-image-3198\" alt=\"\" \/>\t\t\t\t\t\t\t\t\t\t\t\t\t\t\t<\/div>\n\t\t\t\t<\/div>\n\t\t\t\t\t<\/div>\n\t\t<\/div>\n\t\t\t\t\t<\/div>\n\t\t<\/section>\n\t\t\t\t<section class=\"elementor-section elementor-top-section elementor-element elementor-element-5eae73ad elementor-section-boxed elementor-section-height-default elementor-section-height-default\" data-id=\"5eae73ad\" data-element_type=\"section\" data-e-type=\"section\">\n\t\t\t\t\t\t<div class=\"elementor-container elementor-column-gap-default\">\n\t\t\t\t\t<div class=\"elementor-column elementor-col-50 elementor-top-column elementor-element elementor-element-75ccb94d\" data-id=\"75ccb94d\" data-element_type=\"column\" data-e-type=\"column\">\n\t\t\t<div class=\"elementor-widget-wrap elementor-element-populated\">\n\t\t\t\t\t\t<div class=\"elementor-element elementor-element-4e42b0c5 elementor-widget elementor-widget-image\" data-id=\"4e42b0c5\" data-element_type=\"widget\" data-e-type=\"widget\" data-widget_type=\"image.default\">\n\t\t\t\t<div class=\"elementor-widget-container\">\n\t\t\t\t\t\t\t\t\t\t\t\t\t\t\t<img fetchpriority=\"high\" decoding=\"async\" width=\"300\" height=\"300\" src=\"https:\/\/wimex.info\/wp-content\/uploads\/2022\/01\/Biomex-300gr_600px-300x300.jpg\" class=\"attachment-medium size-medium wp-image-3242\" alt=\"\" srcset=\"https:\/\/wimex.info\/wp-content\/uploads\/2022\/01\/Biomex-300gr_600px-300x300.jpg 300w, https:\/\/wimex.info\/wp-content\/uploads\/2022\/01\/Biomex-300gr_600px-150x150.jpg 150w, https:\/\/wimex.info\/wp-content\/uploads\/2022\/01\/Biomex-300gr_600px.jpg 600w\" sizes=\"(max-width: 300px) 100vw, 300px\" \/>\t\t\t\t\t\t\t\t\t\t\t\t\t\t\t<\/div>\n\t\t\t\t<\/div>\n\t\t\t\t\t<\/div>\n\t\t<\/div>\n\t\t\t\t<div class=\"elementor-column elementor-col-50 elementor-top-column elementor-element elementor-element-4ad6c3a8\" data-id=\"4ad6c3a8\" data-element_type=\"column\" data-e-type=\"column\">\n\t\t\t<div class=\"elementor-widget-wrap elementor-element-populated\">\n\t\t\t\t\t\t<div class=\"elementor-element elementor-element-608ac639 elementor-widget elementor-widget-text-editor\" data-id=\"608ac639\" data-element_type=\"widget\" data-e-type=\"widget\" data-widget_type=\"text-editor.default\">\n\t\t\t\t<div class=\"elementor-widget-container\">\n\t\t\t\t\t\t\t\t\t<p>Alles begann Anfang der 2000er Jahre, als Wimex mit dem deutschen Unternehmen Obenland eine Kooperation f\u00fcr den Vertrieb des Universalreinigers Uni-Rein in Italien und auf der ganzen Welt einging (auf nicht-deutschen M\u00e4rkten unter den Marken Bio-mex, Bio-star, Bio-fox, Clerex und Login bekannt).<\/p>\n<p>Dieses innovative Naturprodukt (auf der Basis von pflanzlicher Naturseife und bel\u00fcfteter wei\u00dfer Tonerde), das in der unmittelbaren Nachkriegszeit von dem deutschen Vision\u00e4r Hans Petermann zur Reinigung von w\u00e4hrend des Krieges versteckten Edelmetallen entwickelt wurde, setzte sich \u00fcber den so genannten Direktvertrieb und Messen auf dem Markt durch. In den 1950er Jahren erlangte es seine erste gro\u00dfe Popularit\u00e4t und fand seinen Platz in den Regalen der ersten Heimwerkerm\u00e4rkte.<\/p>\n\t\t\t\t\t\t\t\t<\/div>\n\t\t\t\t<\/div>\n\t\t\t\t\t<\/div>\n\t\t<\/div>\n\t\t\t\t\t<\/div>\n\t\t<\/section>\n\t\t\t\t<section class=\"elementor-section elementor-top-section elementor-element elementor-element-1ff460e elementor-section-boxed elementor-section-height-default elementor-section-height-default\" data-id=\"1ff460e\" data-element_type=\"section\" data-e-type=\"section\">\n\t\t\t\t\t\t<div class=\"elementor-container elementor-column-gap-default\">\n\t\t\t\t\t<div class=\"elementor-column elementor-col-100 elementor-top-column elementor-element elementor-element-e13c374\" data-id=\"e13c374\" data-element_type=\"column\" data-e-type=\"column\">\n\t\t\t<div class=\"elementor-widget-wrap elementor-element-populated\">\n\t\t\t\t\t\t<div class=\"elementor-element elementor-element-5971a77 elementor-widget-divider--view-line elementor-widget elementor-widget-divider\" data-id=\"5971a77\" data-element_type=\"widget\" data-e-type=\"widget\" data-widget_type=\"divider.default\">\n\t\t\t\t<div class=\"elementor-widget-container\">\n\t\t\t\t\t\t\t<div class=\"elementor-divider\">\n\t\t\t<span class=\"elementor-divider-separator\">\n\t\t\t\t\t\t<\/span>\n\t\t<\/div>\n\t\t\t\t\t\t<\/div>\n\t\t\t\t<\/div>\n\t\t\t\t\t<\/div>\n\t\t<\/div>\n\t\t\t\t\t<\/div>\n\t\t<\/section>\n\t\t\t\t<section class=\"elementor-section elementor-top-section elementor-element elementor-element-73275839 elementor-section-boxed elementor-section-height-default elementor-section-height-default\" data-id=\"73275839\" data-element_type=\"section\" data-e-type=\"section\">\n\t\t\t\t\t\t<div class=\"elementor-container elementor-column-gap-default\">\n\t\t\t\t\t<div class=\"elementor-column elementor-col-33 elementor-top-column elementor-element elementor-element-b33ea67\" data-id=\"b33ea67\" data-element_type=\"column\" data-e-type=\"column\">\n\t\t\t<div class=\"elementor-widget-wrap elementor-element-populated\">\n\t\t\t\t\t\t<div class=\"elementor-element elementor-element-106c7cd8 elementor-widget elementor-widget-text-editor\" data-id=\"106c7cd8\" data-element_type=\"widget\" data-e-type=\"widget\" data-widget_type=\"text-editor.default\">\n\t\t\t\t<div class=\"elementor-widget-container\">\n\t\t\t\t\t\t\t\t\t<p>Aber erst als Wimex eine Partnerschaft mit Obenland einging, zeigte der Bio-Allzweckreiniger der breiten \u00d6ffentlichkeit sein Potenzial und erhielt 2008 u. a. das Umweltzeichen, das das Produkt als vollkommen nat\u00fcrlich und biologisch abbaubar ausweist. Die Herstellung unter Verwendung auserlesener Rohstoffe erfolgt bis heute ausschlie\u00dflich auf traditionelle Weise und ohne Verwendung von L\u00f6sungsmitteln, Konservierungs- oder Farbstoffen.<\/p>\n\t\t\t\t\t\t\t\t<\/div>\n\t\t\t\t<\/div>\n\t\t\t\t\t<\/div>\n\t\t<\/div>\n\t\t\t\t<div class=\"elementor-column elementor-col-33 elementor-top-column elementor-element elementor-element-6556b32e\" data-id=\"6556b32e\" data-element_type=\"column\" data-e-type=\"column\">\n\t\t\t<div class=\"elementor-widget-wrap elementor-element-populated\">\n\t\t\t\t\t\t<div class=\"elementor-element elementor-element-5dfc9e1f elementor-widget elementor-widget-image\" data-id=\"5dfc9e1f\" data-element_type=\"widget\" data-e-type=\"widget\" data-widget_type=\"image.default\">\n\t\t\t\t<div class=\"elementor-widget-container\">\n\t\t\t\t\t\t\t\t\t\t\t\t\t\t\t<img decoding=\"async\" width=\"300\" height=\"300\" src=\"https:\/\/wimex.info\/wp-content\/uploads\/2022\/01\/Bio-mex_Detergente-igienizzante_Flip-mex600-300x300.jpg\" class=\"attachment-medium size-medium wp-image-3240\" alt=\"\" srcset=\"https:\/\/wimex.info\/wp-content\/uploads\/2022\/01\/Bio-mex_Detergente-igienizzante_Flip-mex600-300x300.jpg 300w, https:\/\/wimex.info\/wp-content\/uploads\/2022\/01\/Bio-mex_Detergente-igienizzante_Flip-mex600-150x150.jpg 150w, https:\/\/wimex.info\/wp-content\/uploads\/2022\/01\/Bio-mex_Detergente-igienizzante_Flip-mex600.jpg 600w\" sizes=\"(max-width: 300px) 100vw, 300px\" \/>\t\t\t\t\t\t\t\t\t\t\t\t\t\t\t<\/div>\n\t\t\t\t<\/div>\n\t\t\t\t\t<\/div>\n\t\t<\/div>\n\t\t\t\t<div class=\"elementor-column elementor-col-33 elementor-top-column elementor-element elementor-element-62d0a33a\" data-id=\"62d0a33a\" data-element_type=\"column\" data-e-type=\"column\">\n\t\t\t<div class=\"elementor-widget-wrap elementor-element-populated\">\n\t\t\t\t\t\t<div class=\"elementor-element elementor-element-16b2b18 elementor-widget elementor-widget-text-editor\" data-id=\"16b2b18\" data-element_type=\"widget\" data-e-type=\"widget\" data-widget_type=\"text-editor.default\">\n\t\t\t\t<div class=\"elementor-widget-container\">\n\t\t\t\t\t\t\t\t\t<p>In diesen Jahren hat Wimex auch die Flip-mex-Linie in seinen Katalog aufgenommen, die ersten revolution\u00e4ren antibakteriellen Mikrofasert\u00fccher mit Nanosilber-Technologie, sowie professionelle Fl\u00fcssigwaschmittel und andere Produkte, die sich auf dem Markt etablierten.<\/p>\n\t\t\t\t\t\t\t\t<\/div>\n\t\t\t\t<\/div>\n\t\t\t\t<div class=\"elementor-element elementor-element-2e58b25e elementor-widget elementor-widget-image\" data-id=\"2e58b25e\" data-element_type=\"widget\" data-e-type=\"widget\" data-widget_type=\"image.default\">\n\t\t\t\t<div class=\"elementor-widget-container\">\n\t\t\t\t\t\t\t\t\t\t\t\t\t\t\t<img loading=\"lazy\" decoding=\"async\" width=\"300\" height=\"300\" src=\"https:\/\/wimex.info\/wp-content\/uploads\/2021\/11\/panno-microfibra-antibatterico-Flipmex-300x300.jpg\" class=\"attachment-medium size-medium wp-image-3210\" alt=\"\" srcset=\"https:\/\/wimex.info\/wp-content\/uploads\/2021\/11\/panno-microfibra-antibatterico-Flipmex-300x300.jpg 300w, https:\/\/wimex.info\/wp-content\/uploads\/2021\/11\/panno-microfibra-antibatterico-Flipmex-150x150.jpg 150w, https:\/\/wimex.info\/wp-content\/uploads\/2021\/11\/panno-microfibra-antibatterico-Flipmex.jpg 600w\" sizes=\"(max-width: 300px) 100vw, 300px\" \/>\t\t\t\t\t\t\t\t\t\t\t\t\t\t\t<\/div>\n\t\t\t\t<\/div>\n\t\t\t\t\t<\/div>\n\t\t<\/div>\n\t\t\t\t\t<\/div>\n\t\t<\/section>\n\t\t\t\t<section class=\"elementor-section elementor-top-section elementor-element elementor-element-ee6382 elementor-section-boxed elementor-section-height-default elementor-section-height-default\" data-id=\"ee6382\" data-element_type=\"section\" data-e-type=\"section\">\n\t\t\t\t\t\t<div class=\"elementor-container elementor-column-gap-default\">\n\t\t\t\t\t<div class=\"elementor-column elementor-col-100 elementor-top-column elementor-element elementor-element-5fa698e5\" data-id=\"5fa698e5\" data-element_type=\"column\" data-e-type=\"column\">\n\t\t\t<div class=\"elementor-widget-wrap elementor-element-populated\">\n\t\t\t\t\t\t<div class=\"elementor-element elementor-element-5d1e261a elementor-widget elementor-widget-text-editor\" data-id=\"5d1e261a\" data-element_type=\"widget\" data-e-type=\"widget\" data-widget_type=\"text-editor.default\">\n\t\t\t\t<div class=\"elementor-widget-container\">\n\t\t\t\t\t\t\t\t\t<p>Ab 2021 wurde die Produktion von Bio-mex und allen anderen Marken in das Werk in Branzoll (S\u00fcdtirol) verlagert, wodurch der Universalreiniger in jeder Hinsicht zu einem in Italien hergestellten Produkt wird und eine erhebliche Steigerung der Produktionskapazit\u00e4t erreicht wird, wobei die urspr\u00fcngliche Philosophie gewahrt bleibt: Wirksamkeit, biologische Abbaubarkeit und Benutzerfreundlichkeit.<\/p>\n<p><strong>Heute produziert und verkauft Wimex in der ganzen Welt unter seinen eigenen Marken und\/oder als Privat-Label<\/strong> an seine Gesch\u00e4ftspartner, die sich ihres eigenen Engagements f\u00fcr die \u00f6kologische Nachhaltigkeit bewusst sind: Die Lieferanten werden sorgf\u00e4ltig ausgew\u00e4hlt, indem Auswahlkriterien angewendet werden, die es erm\u00f6glichen, Partner zu finden, die gleichen ethischen und \u00f6kologischen Wertvorstellungen teilen. Zu unseren Kunden z\u00e4hlen viele kleine Einzelh\u00e4ndler wie Reformh\u00e4user, Drogerien und Baum\u00e4rkte, aber auch gro\u00dfe Vertriebs- und andere Fachhandelsketten, die sowohl gro\u00dfen als auch kleinen Gesch\u00e4ften die logistische Flexibilit\u00e4t einer effizienten Vertriebs- und Kundendienststruktur garantieren.<\/p>\n\t\t\t\t\t\t\t\t<\/div>\n\t\t\t\t<\/div>\n\t\t\t\t\t<\/div>\n\t\t<\/div>\n\t\t\t\t\t<\/div>\n\t\t<\/section>\n\t\t\t\t<section class=\"elementor-section elementor-top-section elementor-element elementor-element-a466b2c elementor-section-boxed elementor-section-height-default elementor-section-height-default\" data-id=\"a466b2c\" data-element_type=\"section\" data-e-type=\"section\">\n\t\t\t\t\t\t<div class=\"elementor-container elementor-column-gap-default\">\n\t\t\t\t\t<div class=\"elementor-column elementor-col-33 elementor-top-column elementor-element elementor-element-756388b\" data-id=\"756388b\" data-element_type=\"column\" data-e-type=\"column\">\n\t\t\t<div class=\"elementor-widget-wrap elementor-element-populated\">\n\t\t\t\t\t\t<div class=\"elementor-element elementor-element-0285b4d elementor-widget elementor-widget-image\" data-id=\"0285b4d\" data-element_type=\"widget\" data-e-type=\"widget\" data-widget_type=\"image.default\">\n\t\t\t\t<div class=\"elementor-widget-container\">\n\t\t\t\t\t\t\t\t\t\t\t\t\t\t\t<img loading=\"lazy\" decoding=\"async\" width=\"300\" height=\"200\" src=\"https:\/\/wimex.info\/wp-content\/uploads\/2021\/11\/produzione-biomex-etichettatura.jpg\" class=\"attachment-large size-large wp-image-3232\" alt=\"biomex-Produktionskennzeichnung\" \/>\t\t\t\t\t\t\t\t\t\t\t\t\t\t\t<\/div>\n\t\t\t\t<\/div>\n\t\t\t\t\t<\/div>\n\t\t<\/div>\n\t\t\t\t<div class=\"elementor-column elementor-col-33 elementor-top-column elementor-element elementor-element-0df5a5b\" data-id=\"0df5a5b\" data-element_type=\"column\" data-e-type=\"column\">\n\t\t\t<div class=\"elementor-widget-wrap elementor-element-populated\">\n\t\t\t\t\t\t<div class=\"elementor-element elementor-element-f286dd6 elementor-widget elementor-widget-image\" data-id=\"f286dd6\" data-element_type=\"widget\" data-e-type=\"widget\" data-widget_type=\"image.default\">\n\t\t\t\t<div class=\"elementor-widget-container\">\n\t\t\t\t\t\t\t\t\t\t\t\t\t\t\t<img loading=\"lazy\" decoding=\"async\" width=\"300\" height=\"200\" src=\"https:\/\/wimex.info\/wp-content\/uploads\/2021\/11\/etichette-biomex.jpg\" class=\"attachment-large size-large wp-image-3234\" alt=\"Biomex-Etiketten\" \/>\t\t\t\t\t\t\t\t\t\t\t\t\t\t\t<\/div>\n\t\t\t\t<\/div>\n\t\t\t\t\t<\/div>\n\t\t<\/div>\n\t\t\t\t<div class=\"elementor-column elementor-col-33 elementor-top-column elementor-element elementor-element-1b2590c\" data-id=\"1b2590c\" data-element_type=\"column\" data-e-type=\"column\">\n\t\t\t<div class=\"elementor-widget-wrap elementor-element-populated\">\n\t\t\t\t\t\t<div class=\"elementor-element elementor-element-8fba6b3 elementor-widget elementor-widget-image\" data-id=\"8fba6b3\" data-element_type=\"widget\" data-e-type=\"widget\" data-widget_type=\"image.default\">\n\t\t\t\t<div class=\"elementor-widget-container\">\n\t\t\t\t\t\t\t\t\t\t\t\t\t\t\t<img loading=\"lazy\" decoding=\"async\" width=\"300\" height=\"200\" src=\"https:\/\/wimex.info\/wp-content\/uploads\/2021\/11\/produzione-biomex-carrelli.jpg\" class=\"attachment-large size-large wp-image-3230\" alt=\"produzione biomex carrelli\" \/>\t\t\t\t\t\t\t\t\t\t\t\t\t\t\t<\/div>\n\t\t\t\t<\/div>\n\t\t\t\t\t<\/div>\n\t\t<\/div>\n\t\t\t\t\t<\/div>\n\t\t<\/section>\n\t\t\t\t<section class=\"elementor-section elementor-top-section elementor-element elementor-element-981ca18 elementor-section-boxed elementor-section-height-default elementor-section-height-default\" data-id=\"981ca18\" data-element_type=\"section\" data-e-type=\"section\">\n\t\t\t\t\t\t<div class=\"elementor-container elementor-column-gap-default\">\n\t\t\t\t\t<div class=\"elementor-column elementor-col-100 elementor-top-column elementor-element elementor-element-2bea234\" data-id=\"2bea234\" data-element_type=\"column\" data-e-type=\"column\">\n\t\t\t<div class=\"elementor-widget-wrap elementor-element-populated\">\n\t\t\t\t\t\t<div class=\"elementor-element elementor-element-94ebc5b elementor-align-center elementor-widget elementor-widget-button\" data-id=\"94ebc5b\" data-element_type=\"widget\" data-e-type=\"widget\" data-widget_type=\"button.default\">\n\t\t\t\t<div class=\"elementor-widget-container\">\n\t\t\t\t\t\t\t\t\t<div class=\"elementor-button-wrapper\">\n\t\t\t\t\t<a class=\"elementor-button elementor-button-link elementor-size-lg\" href=\"https:\/\/wimexshop.it\/biomex-pasta-pulente\">\n\t\t\t\t\t\t<span class=\"elementor-button-content-wrapper\">\n\t\t\t\t\t\t\t\t\t<span class=\"elementor-button-text\">Bio-mex\u00ae Web-Seite<\/span>\n\t\t\t\t\t<\/span>\n\t\t\t\t\t<\/a>\n\t\t\t\t<\/div>\n\t\t\t\t\t\t\t\t<\/div>\n\t\t\t\t<\/div>\n\t\t\t\t\t<\/div>\n\t\t<\/div>\n\t\t\t\t\t<\/div>\n\t\t<\/section>\n\t\t\t\t<\/div>\n\t\t","protected":false},"excerpt":{"rendered":"<p>Bio-mex\u00ae Produktion in Bozen Alles begann Anfang der 2000er Jahre, als Wimex mit dem deutschen Unternehmen Obenland eine Kooperation f\u00fcr den Vertrieb des Universalreinigers Uni-Rein in Italien und auf der ganzen Welt einging (auf nicht-deutschen M\u00e4rkten unter den Marken Bio-mex, Bio-star, Bio-fox, Clerex und Login bekannt). Dieses innovative Naturprodukt (auf der Basis von pflanzlicher Naturseife [&hellip;]<\/p>\n","protected":false},"author":1,"featured_media":0,"parent":0,"menu_order":0,"comment_status":"closed","ping_status":"closed","template":"","meta":{"_monsterinsights_skip_tracking":false,"_monsterinsights_sitenote_active":false,"_monsterinsights_sitenote_note":"","_monsterinsights_sitenote_category":0,"footnotes":""},"class_list":["post-3406","page","type-page","status-publish","hentry"],"aioseo_notices":[],"_links":{"self":[{"href":"https:\/\/wimex.info\/de\/wp-json\/wp\/v2\/pages\/3406","targetHints":{"allow":["GET"]}}],"collection":[{"href":"https:\/\/wimex.info\/de\/wp-json\/wp\/v2\/pages"}],"about":[{"href":"https:\/\/wimex.info\/de\/wp-json\/wp\/v2\/types\/page"}],"author":[{"embeddable":true,"href":"https:\/\/wimex.info\/de\/wp-json\/wp\/v2\/users\/1"}],"replies":[{"embeddable":true,"href":"https:\/\/wimex.info\/de\/wp-json\/wp\/v2\/comments?post=3406"}],"version-history":[{"count":13,"href":"https:\/\/wimex.info\/de\/wp-json\/wp\/v2\/pages\/3406\/revisions"}],"predecessor-version":[{"id":3694,"href":"https:\/\/wimex.info\/de\/wp-json\/wp\/v2\/pages\/3406\/revisions\/3694"}],"wp:attachment":[{"href":"https:\/\/wimex.info\/de\/wp-json\/wp\/v2\/media?parent=3406"}],"curies":[{"name":"wp","href":"https:\/\/api.w.org\/{rel}","templated":true}]}}