{"id":3434,"date":"2021-11-17T12:57:47","date_gmt":"2021-11-17T12:57:47","guid":{"rendered":"http:\/\/wimex.info\/verwaltung-und-buchhaltung\/"},"modified":"2025-12-22T16:43:29","modified_gmt":"2025-12-22T16:43:29","slug":"verwaltung-und-buchhaltung","status":"publish","type":"page","link":"https:\/\/wimex.info\/de\/verwaltung-und-buchhaltung\/","title":{"rendered":"Verwaltung und Buchhaltung"},"content":{"rendered":"\t\t<div data-elementor-type=\"wp-page\" data-elementor-id=\"3434\" class=\"elementor elementor-3434 elementor-2213\" data-elementor-post-type=\"page\">\n\t\t\t\t\t\t<section class=\"elementor-section elementor-top-section elementor-element elementor-element-17dc8799 elementor-section-boxed elementor-section-height-default elementor-section-height-default\" data-id=\"17dc8799\" data-element_type=\"section\" data-e-type=\"section\">\n\t\t\t\t\t\t<div class=\"elementor-container elementor-column-gap-default\">\n\t\t\t\t\t<div class=\"elementor-column elementor-col-100 elementor-top-column elementor-element elementor-element-4111e608\" data-id=\"4111e608\" data-element_type=\"column\" data-e-type=\"column\">\n\t\t\t<div class=\"elementor-widget-wrap elementor-element-populated\">\n\t\t\t\t\t\t<div class=\"elementor-element elementor-element-2cf468a2 elementor-widget elementor-widget-text-editor\" data-id=\"2cf468a2\" data-element_type=\"widget\" data-e-type=\"widget\" data-widget_type=\"text-editor.default\">\n\t\t\t\t<div class=\"elementor-widget-container\">\n\t\t\t\t\t\t\t\t\t<p>Im Moment suchen wir:<\/p>\n\t\t\t\t\t\t\t\t<\/div>\n\t\t\t\t<\/div>\n\t\t\t\t\t<\/div>\n\t\t<\/div>\n\t\t\t\t\t<\/div>\n\t\t<\/section>\n\t\t\t\t<section class=\"elementor-section elementor-top-section elementor-element elementor-element-6324c6b5 elementor-section-boxed elementor-section-height-default elementor-section-height-default\" data-id=\"6324c6b5\" data-element_type=\"section\" data-e-type=\"section\">\n\t\t\t\t\t\t<div class=\"elementor-container elementor-column-gap-default\">\n\t\t\t\t\t<div class=\"elementor-column elementor-col-100 elementor-top-column elementor-element elementor-element-6f4e0e90 elementor-hidden-desktop elementor-hidden-tablet elementor-hidden-mobile\" data-id=\"6f4e0e90\" data-element_type=\"column\" data-e-type=\"column\">\n\t\t\t<div class=\"elementor-widget-wrap elementor-element-populated\">\n\t\t\t\t\t\t<div class=\"elementor-element elementor-element-4147e2ef elementor-view-default elementor-position-block-start elementor-mobile-position-block-start elementor-widget elementor-widget-icon-box\" data-id=\"4147e2ef\" data-element_type=\"widget\" data-e-type=\"widget\" data-widget_type=\"icon-box.default\">\n\t\t\t\t<div class=\"elementor-widget-container\">\n\t\t\t\t\t\t\t<div class=\"elementor-icon-box-wrapper\">\n\n\t\t\t\t\t\t<div class=\"elementor-icon-box-icon\">\n\t\t\t\t<span  class=\"elementor-icon\">\n\t\t\t\t<i aria-hidden=\"true\" class=\"far fa-folder-open\"><\/i>\t\t\t\t<\/span>\n\t\t\t<\/div>\n\t\t\t\n\t\t\t\t\t\t<div class=\"elementor-icon-box-content\">\n\n\t\t\t\t\t\t\t\t\t<h3 class=\"elementor-icon-box-title\">\n\t\t\t\t\t\t<span  >\n\t\t\t\t\t\t\tVerwaltung und Buchhaltung\t\t\t\t\t\t<\/span>\n\t\t\t\t\t<\/h3>\n\t\t\t\t\n\t\t\t\t\n\t\t\t<\/div>\n\t\t\t\n\t\t<\/div>\n\t\t\t\t\t\t<\/div>\n\t\t\t\t<\/div>\n\t\t\t\t<div class=\"elementor-element elementor-element-c8d125c elementor-widget elementor-widget-accordion\" data-id=\"c8d125c\" data-element_type=\"widget\" data-e-type=\"widget\" data-widget_type=\"accordion.default\">\n\t\t\t\t<div class=\"elementor-widget-container\">\n\t\t\t\t\t\t\t<div class=\"elementor-accordion\">\n\t\t\t\t\t\t\t<div class=\"elementor-accordion-item\">\n\t\t\t\t\t<div id=\"elementor-tab-title-2101\" class=\"elementor-tab-title\" data-tab=\"1\" role=\"button\" aria-controls=\"elementor-tab-content-2101\" aria-expanded=\"false\">\n\t\t\t\t\t\t\t\t\t\t\t\t\t<span class=\"elementor-accordion-icon elementor-accordion-icon-left\" aria-hidden=\"true\">\n\t\t\t\t\t\t\t\t\t\t\t\t\t\t\t<span class=\"elementor-accordion-icon-closed\"><i class=\"fas fa-caret-square-down\"><\/i><\/span>\n\t\t\t\t\t\t\t\t<span class=\"elementor-accordion-icon-opened\"><i class=\"fas fa-minus\"><\/i><\/span>\n\t\t\t\t\t\t\t\t\t\t\t\t\t\t<\/span>\n\t\t\t\t\t\t\t\t\t\t\t\t<a class=\"elementor-accordion-title\" tabindex=\"0\">Mitarbeiter:in im Bereich Verwaltung-Buchhaltung (w\/m\/d)<\/a>\n\t\t\t\t\t<\/div>\n\t\t\t\t\t<div id=\"elementor-tab-content-2101\" class=\"elementor-tab-content elementor-clearfix\" data-tab=\"1\" role=\"region\" aria-labelledby=\"elementor-tab-title-2101\"><p>Wir suchen eine motivierte Person f\u00fcr unser Verwaltungs\/Buchhaltungs-Team.<\/p><p>Die Haupt-T\u00e4tigkeit spielt sich im Bereich Auftrags-Abwicklung, Unterst\u00fctzung der internen Prozesse unseres C.R.M. und allgemeiner Buchhaltung ab.<\/p><p>Sie bringen mit:<\/p><ul><li>Gewissenhaftes, konstantes Arbeiten<\/li><li>Gute PC-Kenntnisse<\/li><li>Erfahrung im Bereich Verwaltung\/Buchhaltung nicht notwendig<\/li><li>Kenntnis der deutschen Sprache nicht zwingend notwendig, jedoch von Vorteil<\/li><\/ul><p>Wir bieten:<\/p><ul><li>Ausbildung und Begleitung am Arbeitsplatz<\/li><li>Solide Firma mit Wachstum<\/li><li>Junges, dynamisches Arbeitsteam<\/li><li>Firmen-eigene K\u00fcche<\/li><li>Mittagspause-Bereich<\/li><li>Firmen-eigener Parkplatz<\/li><\/ul><p>Arbeitsvertrag: Teilzeit, befristet<\/p><p><strong>Der Arbeitsplatz befindet sich am Firmensitz in Branzoll<\/strong>.<\/p><\/div>\n\t\t\t\t<\/div>\n\t\t\t\t\t\t\t\t\t\t<script type=\"application\/ld+json\">{\"@context\":\"https:\\\/\\\/schema.org\",\"@type\":\"FAQPage\",\"mainEntity\":[{\"@type\":\"Question\",\"name\":\"Mitarbeiter:in im Bereich Verwaltung-Buchhaltung (w\\\/m\\\/d)\",\"acceptedAnswer\":{\"@type\":\"Answer\",\"text\":\"<p>Wir suchen eine motivierte Person f\\u00fcr unser Verwaltungs\\\/Buchhaltungs-Team.<\\\/p><p>Die Haupt-T\\u00e4tigkeit spielt sich im Bereich Auftrags-Abwicklung, Unterst\\u00fctzung der internen Prozesse unseres C.R.M. und allgemeiner Buchhaltung ab.<\\\/p><p>Sie bringen mit:<\\\/p><ul><li>Gewissenhaftes, konstantes Arbeiten<\\\/li><li>Gute PC-Kenntnisse<\\\/li><li>Erfahrung im Bereich Verwaltung\\\/Buchhaltung nicht notwendig<\\\/li><li>Kenntnis der deutschen Sprache nicht zwingend notwendig, jedoch von Vorteil<\\\/li><\\\/ul><p>Wir bieten:<\\\/p><ul><li>Ausbildung und Begleitung am Arbeitsplatz<\\\/li><li>Solide Firma mit Wachstum<\\\/li><li>Junges, dynamisches Arbeitsteam<\\\/li><li>Firmen-eigene K\\u00fcche<\\\/li><li>Mittagspause-Bereich<\\\/li><li>Firmen-eigener Parkplatz<\\\/li><\\\/ul><p>Arbeitsvertrag: Teilzeit, befristet<\\\/p><p><strong>Der Arbeitsplatz befindet sich am Firmensitz in Branzoll<\\\/strong>.<\\\/p>\"}}]}<\/script>\n\t\t\t\t\t<\/div>\n\t\t\t\t\t\t<\/div>\n\t\t\t\t<\/div>\n\t\t\t\t<div class=\"elementor-element elementor-element-b9560dd elementor-hidden-desktop elementor-hidden-tablet elementor-hidden-mobile elementor-widget elementor-widget-accordion\" data-id=\"b9560dd\" data-element_type=\"widget\" data-e-type=\"widget\" data-widget_type=\"accordion.default\">\n\t\t\t\t<div class=\"elementor-widget-container\">\n\t\t\t\t\t\t\t<div class=\"elementor-accordion\">\n\t\t\t\t\t\t\t<div class=\"elementor-accordion-item\">\n\t\t\t\t\t<div id=\"elementor-tab-title-1941\" class=\"elementor-tab-title\" data-tab=\"1\" role=\"button\" aria-controls=\"elementor-tab-content-1941\" aria-expanded=\"false\">\n\t\t\t\t\t\t\t\t\t\t\t\t\t<span class=\"elementor-accordion-icon elementor-accordion-icon-left\" aria-hidden=\"true\">\n\t\t\t\t\t\t\t\t\t\t\t\t\t\t\t<span class=\"elementor-accordion-icon-closed\"><i class=\"fas fa-caret-square-down\"><\/i><\/span>\n\t\t\t\t\t\t\t\t<span class=\"elementor-accordion-icon-opened\"><i class=\"fas fa-minus\"><\/i><\/span>\n\t\t\t\t\t\t\t\t\t\t\t\t\t\t<\/span>\n\t\t\t\t\t\t\t\t\t\t\t\t<a class=\"elementor-accordion-title\" tabindex=\"0\">Impiegato amministrativo<\/a>\n\t\t\t\t\t<\/div>\n\t\t\t\t\t<div id=\"elementor-tab-content-1941\" class=\"elementor-tab-content elementor-clearfix\" data-tab=\"1\" role=\"region\" aria-labelledby=\"elementor-tab-title-1941\"><p>Siamo alla ricerca di un dipendente per rafforzare il nostro <strong>team amministrativo<\/strong>.<\/p>\n<p>I compiti principali sono il supporto e lo sviluppo del nostro sistema CRM e <strong>l&#8217;elaborazione degli ordini delle nostre attivit\u00e0 di e-commerce, in particolare Amazon<\/strong>.<\/p>\n<p><strong>Requisiti:<\/strong><\/p>\n<p>&#8211; conoscenza <span style=\"text-decoration: underline;\">ottima lingue: tedesco e italiano<\/span><\/p>\n<p>&#8211; conoscenza base uso pc<\/p>\n<p>&#8211; <strong>non \u00e8 necessaria esperienza<\/strong> nel settore amministrativo<\/p>\n<p><strong>Cosa offriamo:<\/strong><\/p>\n<p>&#8211; azienda solida in crescita<\/p>\n<p>&#8211; ambiente giovane e dinamico<\/p>\n<p>&#8211; cucina aziendale<\/p>\n<p>&#8211; zona ristoro<\/p>\n<\/div>\n\t\t\t\t<\/div>\n\t\t\t\t\t\t\t\t\t\t<script type=\"application\/ld+json\">{\"@context\":\"https:\\\/\\\/schema.org\",\"@type\":\"FAQPage\",\"mainEntity\":[{\"@type\":\"Question\",\"name\":\"Impiegato amministrativo\",\"acceptedAnswer\":{\"@type\":\"Answer\",\"text\":\"<p>Siamo alla ricerca di un dipendente per rafforzare il nostro <strong>team amministrativo<\\\/strong>.<\\\/p>\\n<p>I compiti principali sono il supporto e lo sviluppo del nostro sistema CRM e <strong>l&#8217;elaborazione degli ordini delle nostre attivit\\u00e0 di e-commerce, in particolare Amazon<\\\/strong>.<\\\/p>\\n<p><strong>Requisiti:<\\\/strong><\\\/p>\\n<p>&#8211; conoscenza <span style=\\\"text-decoration: underline;\\\">ottima lingue: tedesco e italiano<\\\/span><\\\/p>\\n<p>&#8211; conoscenza base uso pc<\\\/p>\\n<p>&#8211; <strong>non \\u00e8 necessaria esperienza<\\\/strong> nel settore amministrativo<\\\/p>\\n<p><strong>Cosa offriamo:<\\\/strong><\\\/p>\\n<p>&#8211; azienda solida in crescita<\\\/p>\\n<p>&#8211; ambiente giovane e dinamico<\\\/p>\\n<p>&#8211; cucina aziendale<\\\/p>\\n<p>&#8211; zona ristoro<\\\/p>\\n\"}}]}<\/script>\n\t\t\t\t\t<\/div>\n\t\t\t\t\t\t<\/div>\n\t\t\t\t<\/div>\n\t\t\t\t<div class=\"elementor-element elementor-element-1cdd5e5f elementor-widget elementor-widget-text-editor\" data-id=\"1cdd5e5f\" data-element_type=\"widget\" data-e-type=\"widget\" data-widget_type=\"text-editor.default\">\n\t\t\t\t<div class=\"elementor-widget-container\">\n\t\t\t\t\t\t\t\t\t<p>Sind Sie interessiert?<\/p>\n<p>Schreiben Sie an <a href=\"mailto:job@wimex.info\">job@wimex.info<\/a><\/p>\n\t\t\t\t\t\t\t\t<\/div>\n\t\t\t\t<\/div>\n\t\t\t\t\t<\/div>\n\t\t<\/div>\n\t\t\t\t\t<\/div>\n\t\t<\/section>\n\t\t\t\t<section class=\"elementor-section elementor-top-section elementor-element elementor-element-44cead03 elementor-section-boxed elementor-section-height-default elementor-section-height-default\" data-id=\"44cead03\" data-element_type=\"section\" data-e-type=\"section\" data-settings=\"{&quot;background_background&quot;:&quot;classic&quot;,&quot;shape_divider_top&quot;:&quot;mountains&quot;}\">\n\t\t\t\t\t<div class=\"elementor-shape elementor-shape-top\" aria-hidden=\"true\" data-negative=\"false\">\n\t\t\t<svg xmlns=\"http:\/\/www.w3.org\/2000\/svg\" viewBox=\"0 0 1000 100\" preserveAspectRatio=\"none\">\n\t<path class=\"elementor-shape-fill\" opacity=\"0.33\" d=\"M473,67.3c-203.9,88.3-263.1-34-320.3,0C66,119.1,0,59.7,0,59.7V0h1000v59.7 c0,0-62.1,26.1-94.9,29.3c-32.8,3.3-62.8-12.3-75.8-22.1C806,49.6,745.3,8.7,694.9,4.7S492.4,59,473,67.3z\"\/>\n\t<path class=\"elementor-shape-fill\" opacity=\"0.66\" d=\"M734,67.3c-45.5,0-77.2-23.2-129.1-39.1c-28.6-8.7-150.3-10.1-254,39.1 s-91.7-34.4-149.2,0C115.7,118.3,0,39.8,0,39.8V0h1000v36.5c0,0-28.2-18.5-92.1-18.5C810.2,18.1,775.7,67.3,734,67.3z\"\/>\n\t<path class=\"elementor-shape-fill\" d=\"M766.1,28.9c-200-57.5-266,65.5-395.1,19.5C242,1.8,242,5.4,184.8,20.6C128,35.8,132.3,44.9,89.9,52.5C28.6,63.7,0,0,0,0 h1000c0,0-9.9,40.9-83.6,48.1S829.6,47,766.1,28.9z\"\/>\n<\/svg>\t\t<\/div>\n\t\t\t\t\t<div class=\"elementor-container elementor-column-gap-default\">\n\t\t\t\t\t<div class=\"elementor-column elementor-col-50 elementor-top-column elementor-element elementor-element-55fad06c\" data-id=\"55fad06c\" data-element_type=\"column\" data-e-type=\"column\">\n\t\t\t<div class=\"elementor-widget-wrap elementor-element-populated\">\n\t\t\t\t\t\t<div class=\"elementor-element elementor-element-e291125 elementor-view-default elementor-position-block-start elementor-mobile-position-block-start elementor-widget elementor-widget-icon-box\" data-id=\"e291125\" data-element_type=\"widget\" data-e-type=\"widget\" data-widget_type=\"icon-box.default\">\n\t\t\t\t<div class=\"elementor-widget-container\">\n\t\t\t\t\t\t\t<div class=\"elementor-icon-box-wrapper\">\n\n\t\t\t\t\t\t<div class=\"elementor-icon-box-icon\">\n\t\t\t\t<span  class=\"elementor-icon\">\n\t\t\t\t<i aria-hidden=\"true\" class=\"fas fa-seedling\"><\/i>\t\t\t\t<\/span>\n\t\t\t<\/div>\n\t\t\t\n\t\t\t\t\t\t<div class=\"elementor-icon-box-content\">\n\n\t\t\t\t\t\t\t\t\t<h3 class=\"elementor-icon-box-title\">\n\t\t\t\t\t\t<span  >\n\t\t\t\t\t\t\tWas bieten wir bei Wimex an Leistungen?\t\t\t\t\t\t<\/span>\n\t\t\t\t\t<\/h3>\n\t\t\t\t\n\t\t\t\t\n\t\t\t<\/div>\n\t\t\t\n\t\t<\/div>\n\t\t\t\t\t\t<\/div>\n\t\t\t\t<\/div>\n\t\t\t\t\t<\/div>\n\t\t<\/div>\n\t\t\t\t<div class=\"elementor-column elementor-col-50 elementor-top-column elementor-element elementor-element-149280df\" data-id=\"149280df\" data-element_type=\"column\" data-e-type=\"column\">\n\t\t\t<div class=\"elementor-widget-wrap elementor-element-populated\">\n\t\t\t\t\t\t<div class=\"elementor-element elementor-element-9d5b3de elementor-widget elementor-widget-text-editor\" data-id=\"9d5b3de\" data-element_type=\"widget\" data-e-type=\"widget\" data-widget_type=\"text-editor.default\">\n\t\t\t\t<div class=\"elementor-widget-container\">\n\t\t\t\t\t\t\t\t\t<ul>\n<li>\u00d6ffnung f\u00fcr ausl\u00e4ndische M\u00e4rkte mit unseren eigenen Marken<\/li>\n<li>Kolleginnen und Kollegen, die mit Leidenschaft bei der Sache sind und besonderen Wert auf soziale Kontakte legen<\/li>\n<li>Fortbildung am Arbeitsplatz und Teilnahme an fachspezifischen Veranstaltungen<\/li>\n<li>Solides und stetig wachsendes Unternehmen<\/li>\n<li>Betriebliche Kantine<\/li>\n<li>Erholungsbereich<\/li>\n<li>Mitarbeiterrabatte<\/li>\n<li>Kostenfreies Parken<\/li>\n<\/ul>\n\t\t\t\t\t\t\t\t<\/div>\n\t\t\t\t<\/div>\n\t\t\t\t\t<\/div>\n\t\t<\/div>\n\t\t\t\t\t<\/div>\n\t\t<\/section>\n\t\t\t\t<\/div>\n\t\t","protected":false},"excerpt":{"rendered":"<p>Im Moment suchen wir: Verwaltung und Buchhaltung Mitarbeiter:in im Bereich Verwaltung-Buchhaltung (w\/m\/d) Wir suchen eine motivierte Person f\u00fcr unser Verwaltungs\/Buchhaltungs-Team. Die Haupt-T\u00e4tigkeit spielt sich im Bereich Auftrags-Abwicklung, Unterst\u00fctzung der internen Prozesse unseres C.R.M. und allgemeiner Buchhaltung ab. Sie bringen mit: Gewissenhaftes, konstantes Arbeiten Gute PC-Kenntnisse Erfahrung im Bereich Verwaltung\/Buchhaltung nicht notwendig Kenntnis der deutschen Sprache [&hellip;]<\/p>\n","protected":false},"author":1,"featured_media":0,"parent":0,"menu_order":0,"comment_status":"closed","ping_status":"closed","template":"","meta":{"_monsterinsights_skip_tracking":false,"_monsterinsights_sitenote_active":false,"_monsterinsights_sitenote_note":"","_monsterinsights_sitenote_category":0,"footnotes":""},"class_list":["post-3434","page","type-page","status-publish","hentry"],"aioseo_notices":[],"_links":{"self":[{"href":"https:\/\/wimex.info\/de\/wp-json\/wp\/v2\/pages\/3434","targetHints":{"allow":["GET"]}}],"collection":[{"href":"https:\/\/wimex.info\/de\/wp-json\/wp\/v2\/pages"}],"about":[{"href":"https:\/\/wimex.info\/de\/wp-json\/wp\/v2\/types\/page"}],"author":[{"embeddable":true,"href":"https:\/\/wimex.info\/de\/wp-json\/wp\/v2\/users\/1"}],"replies":[{"embeddable":true,"href":"https:\/\/wimex.info\/de\/wp-json\/wp\/v2\/comments?post=3434"}],"version-history":[{"count":11,"href":"https:\/\/wimex.info\/de\/wp-json\/wp\/v2\/pages\/3434\/revisions"}],"predecessor-version":[{"id":4153,"href":"https:\/\/wimex.info\/de\/wp-json\/wp\/v2\/pages\/3434\/revisions\/4153"}],"wp:attachment":[{"href":"https:\/\/wimex.info\/de\/wp-json\/wp\/v2\/media?parent=3434"}],"curies":[{"name":"wp","href":"https:\/\/api.w.org\/{rel}","templated":true}]}}