{"id":4168,"date":"2023-01-18T15:26:56","date_gmt":"2023-01-18T15:26:56","guid":{"rendered":"https:\/\/wimex.info\/?page_id=4168"},"modified":"2026-02-02T14:25:34","modified_gmt":"2026-02-02T14:25:34","slug":"elementor-4168","status":"publish","type":"page","link":"https:\/\/wimex.info\/de\/elementor-4168\/","title":{"rendered":"Abteilung Lager und Produktion"},"content":{"rendered":"\t\t<div data-elementor-type=\"wp-page\" data-elementor-id=\"4168\" class=\"elementor elementor-4168 elementor-3578\" data-elementor-post-type=\"page\">\n\t\t\t\t\t\t<section class=\"elementor-section elementor-top-section elementor-element elementor-element-cf06344 elementor-section-boxed elementor-section-height-default elementor-section-height-default\" data-id=\"cf06344\" data-element_type=\"section\" data-e-type=\"section\">\n\t\t\t\t\t\t<div class=\"elementor-container elementor-column-gap-default\">\n\t\t\t\t\t<div class=\"elementor-column elementor-col-100 elementor-top-column elementor-element elementor-element-46dba598\" data-id=\"46dba598\" data-element_type=\"column\" data-e-type=\"column\">\n\t\t\t<div class=\"elementor-widget-wrap elementor-element-populated\">\n\t\t\t\t\t\t<div class=\"elementor-element elementor-element-2cda01f9 elementor-widget elementor-widget-text-editor\" data-id=\"2cda01f9\" data-element_type=\"widget\" data-e-type=\"widget\" data-widget_type=\"text-editor.default\">\n\t\t\t\t<div class=\"elementor-widget-container\">\n\t\t\t\t\t\t\t\t\t<p>Im Moment suchen wir:<\/p>\t\t\t\t\t\t\t\t<\/div>\n\t\t\t\t<\/div>\n\t\t\t\t\t<\/div>\n\t\t<\/div>\n\t\t\t\t\t<\/div>\n\t\t<\/section>\n\t\t\t\t<section class=\"elementor-section elementor-top-section elementor-element elementor-element-43a659a5 elementor-section-boxed elementor-section-height-default elementor-section-height-default\" data-id=\"43a659a5\" data-element_type=\"section\" data-e-type=\"section\">\n\t\t\t\t\t\t<div class=\"elementor-container elementor-column-gap-default\">\n\t\t\t\t\t<div class=\"elementor-column elementor-col-100 elementor-top-column elementor-element elementor-element-f751994\" data-id=\"f751994\" data-element_type=\"column\" data-e-type=\"column\">\n\t\t\t<div class=\"elementor-widget-wrap elementor-element-populated\">\n\t\t\t\t\t\t<div class=\"elementor-element elementor-element-7876351d elementor-view-default elementor-position-block-start elementor-mobile-position-block-start elementor-widget elementor-widget-icon-box\" data-id=\"7876351d\" data-element_type=\"widget\" data-e-type=\"widget\" data-widget_type=\"icon-box.default\">\n\t\t\t\t<div class=\"elementor-widget-container\">\n\t\t\t\t\t\t\t<div class=\"elementor-icon-box-wrapper\">\n\n\t\t\t\t\t\t<div class=\"elementor-icon-box-icon\">\n\t\t\t\t<span  class=\"elementor-icon\">\n\t\t\t\t<i aria-hidden=\"true\" class=\"far fa-folder-open\"><\/i>\t\t\t\t<\/span>\n\t\t\t<\/div>\n\t\t\t\n\t\t\t\t\t\t<div class=\"elementor-icon-box-content\">\n\n\t\t\t\t\t\t\t\t\t<h3 class=\"elementor-icon-box-title\">\n\t\t\t\t\t\t<span  >\n\t\t\t\t\t\t\tAbteilung Lager und Produktion\t\t\t\t\t\t<\/span>\n\t\t\t\t\t<\/h3>\n\t\t\t\t\n\t\t\t\t\n\t\t\t<\/div>\n\t\t\t\n\t\t<\/div>\n\t\t\t\t\t\t<\/div>\n\t\t\t\t<\/div>\n\t\t\t\t<div class=\"elementor-element elementor-element-3466d3ed elementor-widget elementor-widget-accordion\" data-id=\"3466d3ed\" data-element_type=\"widget\" data-e-type=\"widget\" data-widget_type=\"accordion.default\">\n\t\t\t\t<div class=\"elementor-widget-container\">\n\t\t\t\t\t\t\t<div class=\"elementor-accordion\">\n\t\t\t\t\t\t\t<div class=\"elementor-accordion-item\">\n\t\t\t\t\t<div id=\"elementor-tab-title-8791\" class=\"elementor-tab-title\" data-tab=\"1\" role=\"button\" aria-controls=\"elementor-tab-content-8791\" aria-expanded=\"false\">\n\t\t\t\t\t\t\t\t\t\t\t\t\t<span class=\"elementor-accordion-icon elementor-accordion-icon-left\" aria-hidden=\"true\">\n\t\t\t\t\t\t\t\t\t\t\t\t\t\t\t<span class=\"elementor-accordion-icon-closed\"><i class=\"fas fa-caret-square-down\"><\/i><\/span>\n\t\t\t\t\t\t\t\t<span class=\"elementor-accordion-icon-opened\"><i class=\"fas fa-minus\"><\/i><\/span>\n\t\t\t\t\t\t\t\t\t\t\t\t\t\t<\/span>\n\t\t\t\t\t\t\t\t\t\t\t\t<a class=\"elementor-accordion-title\" tabindex=\"0\">Produktions-mitarbeiter\/in<\/a>\n\t\t\t\t\t<\/div>\n\t\t\t\t\t<div id=\"elementor-tab-content-8791\" class=\"elementor-tab-content elementor-clearfix\" data-tab=\"1\" role=\"region\" aria-labelledby=\"elementor-tab-title-8791\"><p><strong>HANDWERKLICHE LEDERWARENWERKSTATT<\/strong><\/p><p>Wir sind ein handwerkliches Unternehmen, das an den Wert echter Handarbeit glaubt: an die Zeit, die jedem Detail gewidmet wird, und an h\u00f6chste Qualit\u00e4t ohne Kompromisse.<\/p><p>In unserer Werkstatt fertigen wir Mini-Geldb\u00f6rsen aus hochwertigen Ledern und innovativen Materialien. Jeder Schritt der Produktion wird mit Sorgfalt und Leidenschaft begleitet.<\/p><p>Zur Verst\u00e4rkung unseres Produktionsteams suchen wir eine\/n engagierte\/n Produktionsmitarbeiter\/in.<\/p><p><strong>Aufgaben:<\/strong><\/p><ul><li>Handwerkliche Lederverarbeitung<\/li><li>Montage und sorgf\u00e4ltige Fertigstellung der Produkte<\/li><li>Qualit\u00e4tskontrolle in allen Produktionsphasen<\/li><li>Selbstst\u00e4ndiges Arbeiten und Organisation im Werkstattalltag<\/li><\/ul><p><strong><br \/>Anforderungen:<\/strong><\/p><ul><li>Freude an handwerklicher Arbeit und hohe Fingerfertigkeit<\/li><li>Kreativit\u00e4t und ausgepr\u00e4gte Liebe zum Detail<\/li><li>Selbstst\u00e4ndigkeit und Verantwortungsbewusstsein<\/li><li>L\u00f6sungsorientiertes Denken<\/li><li>Erfahrung im Handwerk, idealerweise in der Lederverarbeitung oder einem verwandten Gebiet<\/li><\/ul><p><strong><br \/>Wir bieten:<\/strong><\/p><ul><li>Mitarbeit in einer authentischen handwerklichen Manufaktur<\/li><li>Qualit\u00e4t statt Massenproduktion<\/li><\/ul><p><br \/>Ein Arbeitsumfeld, in dem handwerkliches Wissen gesch\u00e4tzt wird<\/p><\/div>\n\t\t\t\t<\/div>\n\t\t\t\t\t\t\t\t\t\t<script type=\"application\/ld+json\">{\"@context\":\"https:\\\/\\\/schema.org\",\"@type\":\"FAQPage\",\"mainEntity\":[{\"@type\":\"Question\",\"name\":\"Produktions-mitarbeiter\\\/in\",\"acceptedAnswer\":{\"@type\":\"Answer\",\"text\":\"<p><strong>HANDWERKLICHE LEDERWARENWERKSTATT<\\\/strong><\\\/p><p>Wir sind ein handwerkliches Unternehmen, das an den Wert echter Handarbeit glaubt: an die Zeit, die jedem Detail gewidmet wird, und an h\\u00f6chste Qualit\\u00e4t ohne Kompromisse.<\\\/p><p>In unserer Werkstatt fertigen wir Mini-Geldb\\u00f6rsen aus hochwertigen Ledern und innovativen Materialien. Jeder Schritt der Produktion wird mit Sorgfalt und Leidenschaft begleitet.<\\\/p><p>Zur Verst\\u00e4rkung unseres Produktionsteams suchen wir eine\\\/n engagierte\\\/n Produktionsmitarbeiter\\\/in.<\\\/p><p><strong>Aufgaben:<\\\/strong><\\\/p><ul><li>Handwerkliche Lederverarbeitung<\\\/li><li>Montage und sorgf\\u00e4ltige Fertigstellung der Produkte<\\\/li><li>Qualit\\u00e4tskontrolle in allen Produktionsphasen<\\\/li><li>Selbstst\\u00e4ndiges Arbeiten und Organisation im Werkstattalltag<\\\/li><\\\/ul><p><strong><br \\\/>Anforderungen:<\\\/strong><\\\/p><ul><li>Freude an handwerklicher Arbeit und hohe Fingerfertigkeit<\\\/li><li>Kreativit\\u00e4t und ausgepr\\u00e4gte Liebe zum Detail<\\\/li><li>Selbstst\\u00e4ndigkeit und Verantwortungsbewusstsein<\\\/li><li>L\\u00f6sungsorientiertes Denken<\\\/li><li>Erfahrung im Handwerk, idealerweise in der Lederverarbeitung oder einem verwandten Gebiet<\\\/li><\\\/ul><p><strong><br \\\/>Wir bieten:<\\\/strong><\\\/p><ul><li>Mitarbeit in einer authentischen handwerklichen Manufaktur<\\\/li><li>Qualit\\u00e4t statt Massenproduktion<\\\/li><\\\/ul><p><br \\\/>Ein Arbeitsumfeld, in dem handwerkliches Wissen gesch\\u00e4tzt wird<\\\/p>\"}}]}<\/script>\n\t\t\t\t\t<\/div>\n\t\t\t\t\t\t<\/div>\n\t\t\t\t<\/div>\n\t\t\t\t<div class=\"elementor-element elementor-element-f53ce3d elementor-widget elementor-widget-accordion\" data-id=\"f53ce3d\" data-element_type=\"widget\" data-e-type=\"widget\" data-widget_type=\"accordion.default\">\n\t\t\t\t<div class=\"elementor-widget-container\">\n\t\t\t\t\t\t\t<div class=\"elementor-accordion\">\n\t\t\t\t\t\t\t<div class=\"elementor-accordion-item\">\n\t\t\t\t\t<div id=\"elementor-tab-title-2571\" class=\"elementor-tab-title\" data-tab=\"1\" role=\"button\" aria-controls=\"elementor-tab-content-2571\" aria-expanded=\"false\">\n\t\t\t\t\t\t\t\t\t\t\t\t\t<span class=\"elementor-accordion-icon elementor-accordion-icon-left\" aria-hidden=\"true\">\n\t\t\t\t\t\t\t\t\t\t\t\t\t\t\t<span class=\"elementor-accordion-icon-closed\"><i class=\"fas fa-caret-square-down\"><\/i><\/span>\n\t\t\t\t\t\t\t\t<span class=\"elementor-accordion-icon-opened\"><i class=\"fas fa-minus\"><\/i><\/span>\n\t\t\t\t\t\t\t\t\t\t\t\t\t\t<\/span>\n\t\t\t\t\t\t\t\t\t\t\t\t<a class=\"elementor-accordion-title\" tabindex=\"0\">Senior Mechaniker \/ Instandhaltungstechniker<\/a>\n\t\t\t\t\t<\/div>\n\t\t\t\t\t<div id=\"elementor-tab-content-2571\" class=\"elementor-tab-content elementor-clearfix\" data-tab=\"1\" role=\"region\" aria-labelledby=\"elementor-tab-title-2571\"><p>Die Wimex GmbH ist ein zukunftsorientiertes Unternehmen, das innovative Produkte in den Bereichen Haushaltswaren, Reinigung, Beauty und Mode herstellt.<\/p><p>Wir suchen einen erfahrenen Mechaniker f\u00fcr Instandhaltung und Mitarbeit am Standort Branzoll.<br \/>Es handel sich um einen Nebenerwerb von durchschnittlich 5\u201315 Stunden pro Woche.<\/p><p><strong>Ihre Aufgaben<\/strong><\/p><ul><li>Ordentliche und Au\u00dferordentliche Wartung der (kleinen\/mittleren) Maschinen der Produktion der Mini-Geldb\u00f6rsen \u201eMondraghi\u201c, und Abf\u00fcllanlagen unserer Reinigungsmittel.<\/li><li>Einfache Wartungsarbeiten an unserem Firmenfuhrpark von 9 Transportern.<\/li><\/ul><p><strong><br \/>Sie bringen mit:<\/strong><\/p><ul><li>Fundierte Berufserfahrung<\/li><li>Selbstst\u00e4ndige, zuverl\u00e4ssige und l\u00f6sungsorientierte Arbeitsweise<\/li><li>Sprachen: Italienisch und\/oder Deutsch<\/li><\/ul><p><strong><br \/>Wir bieten<\/strong><\/p><ul><li>Ein solides Unternehmen mit interner Werkstatt<\/li><li>Nebenerwerb ideal f\u00fcr Rentner oder Zusatzverdiener<\/li><li>Pausen-\/Aufenthaltsraum<\/li><li>Gro\u00dfer Parkplatz<\/li><\/ul><p><br \/>Arbeitsort: Branzoll<\/p><p>Bei den Arbeitsvertrag handelt es sich um einen Vertrag auf Abruf, gem\u00e4\u00df Gesetz ist diese Vertragsform f\u00fcr Bewerber <span style=\"text-decoration: underline;\"><strong>\u00fcber 55 Jahre<\/strong><\/span> m\u00f6glich.<\/p><\/div>\n\t\t\t\t<\/div>\n\t\t\t\t\t\t\t\t\t\t<script type=\"application\/ld+json\">{\"@context\":\"https:\\\/\\\/schema.org\",\"@type\":\"FAQPage\",\"mainEntity\":[{\"@type\":\"Question\",\"name\":\"Senior Mechaniker \\\/ Instandhaltungstechniker\",\"acceptedAnswer\":{\"@type\":\"Answer\",\"text\":\"<p>Die Wimex GmbH ist ein zukunftsorientiertes Unternehmen, das innovative Produkte in den Bereichen Haushaltswaren, Reinigung, Beauty und Mode herstellt.<\\\/p><p>Wir suchen einen erfahrenen Mechaniker f\\u00fcr Instandhaltung und Mitarbeit am Standort Branzoll.<br \\\/>Es handel sich um einen Nebenerwerb von durchschnittlich 5\\u201315 Stunden pro Woche.<\\\/p><p><strong>Ihre Aufgaben<\\\/strong><\\\/p><ul><li>Ordentliche und Au\\u00dferordentliche Wartung der (kleinen\\\/mittleren) Maschinen der Produktion der Mini-Geldb\\u00f6rsen \\u201eMondraghi\\u201c, und Abf\\u00fcllanlagen unserer Reinigungsmittel.<\\\/li><li>Einfache Wartungsarbeiten an unserem Firmenfuhrpark von 9 Transportern.<\\\/li><\\\/ul><p><strong><br \\\/>Sie bringen mit:<\\\/strong><\\\/p><ul><li>Fundierte Berufserfahrung<\\\/li><li>Selbstst\\u00e4ndige, zuverl\\u00e4ssige und l\\u00f6sungsorientierte Arbeitsweise<\\\/li><li>Sprachen: Italienisch und\\\/oder Deutsch<\\\/li><\\\/ul><p><strong><br \\\/>Wir bieten<\\\/strong><\\\/p><ul><li>Ein solides Unternehmen mit interner Werkstatt<\\\/li><li>Nebenerwerb ideal f\\u00fcr Rentner oder Zusatzverdiener<\\\/li><li>Pausen-\\\/Aufenthaltsraum<\\\/li><li>Gro\\u00dfer Parkplatz<\\\/li><\\\/ul><p><br \\\/>Arbeitsort: Branzoll<\\\/p><p>Bei den Arbeitsvertrag handelt es sich um einen Vertrag auf Abruf, gem\\u00e4\\u00df Gesetz ist diese Vertragsform f\\u00fcr Bewerber <span style=\\\"text-decoration: underline;\\\"><strong>\\u00fcber 55 Jahre<\\\/strong><\\\/span> m\\u00f6glich.<\\\/p>\"}}]}<\/script>\n\t\t\t\t\t<\/div>\n\t\t\t\t\t\t<\/div>\n\t\t\t\t<\/div>\n\t\t\t\t<div class=\"elementor-element elementor-element-03852ee elementor-hidden-desktop elementor-hidden-tablet elementor-hidden-mobile elementor-widget elementor-widget-accordion\" data-id=\"03852ee\" data-element_type=\"widget\" data-e-type=\"widget\" data-widget_type=\"accordion.default\">\n\t\t\t\t<div class=\"elementor-widget-container\">\n\t\t\t\t\t\t\t<div class=\"elementor-accordion\">\n\t\t\t\t\t\t\t<div class=\"elementor-accordion-item\">\n\t\t\t\t\t<div id=\"elementor-tab-title-3691\" class=\"elementor-tab-title\" data-tab=\"1\" role=\"button\" aria-controls=\"elementor-tab-content-3691\" aria-expanded=\"false\">\n\t\t\t\t\t\t\t\t\t\t\t\t\t<span class=\"elementor-accordion-icon elementor-accordion-icon-left\" aria-hidden=\"true\">\n\t\t\t\t\t\t\t\t\t\t\t\t\t\t\t<span class=\"elementor-accordion-icon-closed\"><i class=\"fas fa-caret-square-down\"><\/i><\/span>\n\t\t\t\t\t\t\t\t<span class=\"elementor-accordion-icon-opened\"><i class=\"fas fa-minus\"><\/i><\/span>\n\t\t\t\t\t\t\t\t\t\t\t\t\t\t<\/span>\n\t\t\t\t\t\t\t\t\t\t\t\t<a class=\"elementor-accordion-title\" tabindex=\"0\">Addetto\/a confezionamento e produzione <\/a>\n\t\t\t\t\t<\/div>\n\t\t\t\t\t<div id=\"elementor-tab-content-3691\" class=\"elementor-tab-content elementor-clearfix\" data-tab=\"1\" role=\"region\" aria-labelledby=\"elementor-tab-title-3691\"><p>Cerchiamo una persona entusiasta in grado di lavorare all\u2019interno di un gruppo, nel reparto di confezionamento e produzione della nostra azienda.<\/p><p>Il reparto si occupa di preparare e realizzare prodotti di alto profilo nell\u2019ambito del settore dei detergenti e degli accessori di moda. L\u2019attivit\u00e0 \u00e8 tipicamente artigianale con una forte componente manuale nelle singole fasi del processo.<\/p><p>Nel reparto di confezionamento, i prodotti ed il materiale che verranno lavorati sono principalmente scatole, contenitori di plastica, etichette, buste e prodotti di piccola dimensione.<\/p><p><strong>Caratteristiche richieste:<\/strong><\/p><ul><li>buona manualit\u00e0, precisione e capacit\u00e0 di osservazione<\/li><li>possibilit\u00e0 di lavorare fino a 9 ore, orario diurno, 7.00-17.00 (1 ora di pausa pranzo) in base ai carichi di lavoro stagionali<\/li><li>ottima capacit\u00e0 di relazionarsi coi colleghi<\/li><\/ul><p><strong>Cosa offriamo<\/strong><\/p><ul><li>Formazione e affiancamento<\/li><li>Azienda solida in crescita<\/li><li>Cucina aziendale<\/li><\/ul><p style=\"text-align: center;\"><span style=\"text-decoration: underline;\"><strong>Contratto a chiamata<\/strong><\/span><\/p><p style=\"text-align: center;\"><span style=\"text-decoration: underline;\"><strong>Lavoro in sede in presenza<\/strong><\/span><\/p><p style=\"text-align: center;\"><span style=\"text-decoration: underline;\"><strong>COLLOQUIO PREVISTO IN PRESENZA<\/strong><\/span><\/p><\/div>\n\t\t\t\t<\/div>\n\t\t\t\t\t\t\t\t\t\t<script type=\"application\/ld+json\">{\"@context\":\"https:\\\/\\\/schema.org\",\"@type\":\"FAQPage\",\"mainEntity\":[{\"@type\":\"Question\",\"name\":\"Addetto\\\/a confezionamento e produzione\",\"acceptedAnswer\":{\"@type\":\"Answer\",\"text\":\"<p>Cerchiamo una persona entusiasta in grado di lavorare all\\u2019interno di un gruppo, nel reparto di confezionamento e produzione della nostra azienda.<\\\/p><p>Il reparto si occupa di preparare e realizzare prodotti di alto profilo nell\\u2019ambito del settore dei detergenti e degli accessori di moda. L\\u2019attivit\\u00e0 \\u00e8 tipicamente artigianale con una forte componente manuale nelle singole fasi del processo.<\\\/p><p>Nel reparto di confezionamento, i prodotti ed il materiale che verranno lavorati sono principalmente scatole, contenitori di plastica, etichette, buste e prodotti di piccola dimensione.<\\\/p><p><strong>Caratteristiche richieste:<\\\/strong><\\\/p><ul><li>buona manualit\\u00e0, precisione e capacit\\u00e0 di osservazione<\\\/li><li>possibilit\\u00e0 di lavorare fino a 9 ore, orario diurno, 7.00-17.00 (1 ora di pausa pranzo) in base ai carichi di lavoro stagionali<\\\/li><li>ottima capacit\\u00e0 di relazionarsi coi colleghi<\\\/li><\\\/ul><p><strong>Cosa offriamo<\\\/strong><\\\/p><ul><li>Formazione e affiancamento<\\\/li><li>Azienda solida in crescita<\\\/li><li>Cucina aziendale<\\\/li><\\\/ul><p style=\\\"text-align: center;\\\"><span style=\\\"text-decoration: underline;\\\"><strong>Contratto a chiamata<\\\/strong><\\\/span><\\\/p><p style=\\\"text-align: center;\\\"><span style=\\\"text-decoration: underline;\\\"><strong>Lavoro in sede in presenza<\\\/strong><\\\/span><\\\/p><p style=\\\"text-align: center;\\\"><span style=\\\"text-decoration: underline;\\\"><strong>COLLOQUIO PREVISTO IN PRESENZA<\\\/strong><\\\/span><\\\/p>\"}}]}<\/script>\n\t\t\t\t\t<\/div>\n\t\t\t\t\t\t<\/div>\n\t\t\t\t<\/div>\n\t\t\t\t<div class=\"elementor-element elementor-element-7979c78e elementor-widget elementor-widget-text-editor\" data-id=\"7979c78e\" data-element_type=\"widget\" data-e-type=\"widget\" data-widget_type=\"text-editor.default\">\n\t\t\t\t<div class=\"elementor-widget-container\">\n\t\t\t\t\t\t\t\t\t<p>Sind Sie interessiert?<\/p><p>Schreiben Sie an <a href=\"mailto:job@wimex.info\">job@wimex.info<\/a><\/p>\t\t\t\t\t\t\t\t<\/div>\n\t\t\t\t<\/div>\n\t\t\t\t\t<\/div>\n\t\t<\/div>\n\t\t\t\t\t<\/div>\n\t\t<\/section>\n\t\t\t\t<section class=\"elementor-section elementor-top-section elementor-element elementor-element-47c39730 elementor-section-boxed elementor-section-height-default elementor-section-height-default\" data-id=\"47c39730\" data-element_type=\"section\" data-e-type=\"section\" data-settings=\"{&quot;background_background&quot;:&quot;classic&quot;,&quot;shape_divider_top&quot;:&quot;mountains&quot;}\">\n\t\t\t\t\t<div class=\"elementor-shape elementor-shape-top\" aria-hidden=\"true\" data-negative=\"false\">\n\t\t\t<svg xmlns=\"http:\/\/www.w3.org\/2000\/svg\" viewBox=\"0 0 1000 100\" preserveAspectRatio=\"none\">\n\t<path class=\"elementor-shape-fill\" opacity=\"0.33\" d=\"M473,67.3c-203.9,88.3-263.1-34-320.3,0C66,119.1,0,59.7,0,59.7V0h1000v59.7 c0,0-62.1,26.1-94.9,29.3c-32.8,3.3-62.8-12.3-75.8-22.1C806,49.6,745.3,8.7,694.9,4.7S492.4,59,473,67.3z\"\/>\n\t<path class=\"elementor-shape-fill\" opacity=\"0.66\" d=\"M734,67.3c-45.5,0-77.2-23.2-129.1-39.1c-28.6-8.7-150.3-10.1-254,39.1 s-91.7-34.4-149.2,0C115.7,118.3,0,39.8,0,39.8V0h1000v36.5c0,0-28.2-18.5-92.1-18.5C810.2,18.1,775.7,67.3,734,67.3z\"\/>\n\t<path class=\"elementor-shape-fill\" d=\"M766.1,28.9c-200-57.5-266,65.5-395.1,19.5C242,1.8,242,5.4,184.8,20.6C128,35.8,132.3,44.9,89.9,52.5C28.6,63.7,0,0,0,0 h1000c0,0-9.9,40.9-83.6,48.1S829.6,47,766.1,28.9z\"\/>\n<\/svg>\t\t<\/div>\n\t\t\t\t\t<div class=\"elementor-container elementor-column-gap-default\">\n\t\t\t\t\t<div class=\"elementor-column elementor-col-50 elementor-top-column elementor-element elementor-element-6cea615a\" data-id=\"6cea615a\" data-element_type=\"column\" data-e-type=\"column\">\n\t\t\t<div class=\"elementor-widget-wrap elementor-element-populated\">\n\t\t\t\t\t\t<div class=\"elementor-element elementor-element-7a8cc630 elementor-view-default elementor-position-block-start elementor-mobile-position-block-start elementor-widget elementor-widget-icon-box\" data-id=\"7a8cc630\" data-element_type=\"widget\" data-e-type=\"widget\" data-widget_type=\"icon-box.default\">\n\t\t\t\t<div class=\"elementor-widget-container\">\n\t\t\t\t\t\t\t<div class=\"elementor-icon-box-wrapper\">\n\n\t\t\t\t\t\t<div class=\"elementor-icon-box-icon\">\n\t\t\t\t<span  class=\"elementor-icon\">\n\t\t\t\t<i aria-hidden=\"true\" class=\"fas fa-seedling\"><\/i>\t\t\t\t<\/span>\n\t\t\t<\/div>\n\t\t\t\n\t\t\t\t\t\t<div class=\"elementor-icon-box-content\">\n\n\t\t\t\t\t\t\t\t\t<h3 class=\"elementor-icon-box-title\">\n\t\t\t\t\t\t<span  >\n\t\t\t\t\t\t\tWas bieten wir bei Wimex an Leistungen? \t\t\t\t\t\t<\/span>\n\t\t\t\t\t<\/h3>\n\t\t\t\t\n\t\t\t\t\n\t\t\t<\/div>\n\t\t\t\n\t\t<\/div>\n\t\t\t\t\t\t<\/div>\n\t\t\t\t<\/div>\n\t\t\t\t\t<\/div>\n\t\t<\/div>\n\t\t\t\t<div class=\"elementor-column elementor-col-50 elementor-top-column elementor-element elementor-element-2f46b363\" data-id=\"2f46b363\" data-element_type=\"column\" data-e-type=\"column\">\n\t\t\t<div class=\"elementor-widget-wrap elementor-element-populated\">\n\t\t\t\t\t\t<div class=\"elementor-element elementor-element-306d85aa elementor-widget elementor-widget-text-editor\" data-id=\"306d85aa\" data-element_type=\"widget\" data-e-type=\"widget\" data-widget_type=\"text-editor.default\">\n\t\t\t\t<div class=\"elementor-widget-container\">\n\t\t\t\t\t\t\t\t\t<ul><li><p>\u00d6ffnung f\u00fcr ausl\u00e4ndische M\u00e4rkte mit unseren eigenen Marken<\/p><\/li><li><p>Kolleginnen und Kollegen, die mit Leidenschaft bei der Sache sind und besonderen Wert auf soziale Kontakte legen<\/p><\/li><li><p>Fortbildung am Arbeitsplatz und Teilnahme an fachspezifischen Veranstaltungen<\/p><\/li><li><p>Solides und stetig wachsendes Unternehmen<\/p><\/li><li><p>Betriebliche Kantine<\/p><\/li><li><p>Erholungsbereich<\/p><\/li><li><p>Mitarbeiterrabatte<\/p><\/li><li><p>Kostenfreies Parken<\/p><p>\u00a0<\/p><\/li><\/ul>\t\t\t\t\t\t\t\t<\/div>\n\t\t\t\t<\/div>\n\t\t\t\t\t<\/div>\n\t\t<\/div>\n\t\t\t\t\t<\/div>\n\t\t<\/section>\n\t\t\t\t<\/div>\n\t\t","protected":false},"excerpt":{"rendered":"<p>Im Moment suchen wir: Abteilung Lager und Produktion Produktions-mitarbeiter\/in HANDWERKLICHE LEDERWARENWERKSTATT Wir sind ein handwerkliches Unternehmen, das an den Wert echter Handarbeit glaubt: an die Zeit, die jedem Detail gewidmet wird, und an h\u00f6chste Qualit\u00e4t ohne Kompromisse. In unserer Werkstatt fertigen wir Mini-Geldb\u00f6rsen aus hochwertigen Ledern und innovativen Materialien. Jeder Schritt der Produktion wird mit [&hellip;]<\/p>\n","protected":false},"author":1,"featured_media":0,"parent":0,"menu_order":0,"comment_status":"closed","ping_status":"closed","template":"","meta":{"_monsterinsights_skip_tracking":false,"_monsterinsights_sitenote_active":false,"_monsterinsights_sitenote_note":"","_monsterinsights_sitenote_category":0,"footnotes":""},"class_list":["post-4168","page","type-page","status-publish","hentry"],"aioseo_notices":[],"_links":{"self":[{"href":"https:\/\/wimex.info\/de\/wp-json\/wp\/v2\/pages\/4168","targetHints":{"allow":["GET"]}}],"collection":[{"href":"https:\/\/wimex.info\/de\/wp-json\/wp\/v2\/pages"}],"about":[{"href":"https:\/\/wimex.info\/de\/wp-json\/wp\/v2\/types\/page"}],"author":[{"embeddable":true,"href":"https:\/\/wimex.info\/de\/wp-json\/wp\/v2\/users\/1"}],"replies":[{"embeddable":true,"href":"https:\/\/wimex.info\/de\/wp-json\/wp\/v2\/comments?post=4168"}],"version-history":[{"count":13,"href":"https:\/\/wimex.info\/de\/wp-json\/wp\/v2\/pages\/4168\/revisions"}],"predecessor-version":[{"id":4186,"href":"https:\/\/wimex.info\/de\/wp-json\/wp\/v2\/pages\/4168\/revisions\/4186"}],"wp:attachment":[{"href":"https:\/\/wimex.info\/de\/wp-json\/wp\/v2\/media?parent=4168"}],"curies":[{"name":"wp","href":"https:\/\/api.w.org\/{rel}","templated":true}]}}